{"id":108,"date":"2023-02-18T15:29:24","date_gmt":"2023-02-18T14:29:24","guid":{"rendered":"https:\/\/tcm.maximilian-stieg.de\/?page_id=108"},"modified":"2023-05-19T09:13:50","modified_gmt":"2023-05-19T07:13:50","slug":"indikation","status":"publish","type":"page","link":"https:\/\/annedore-gauer.de\/index.php\/behandeln\/indikation\/","title":{"rendered":"Indikation"},"content":{"rendered":"\n<p>Aus meiner Praxiserfahrung wei\u00df ich, dass die Chinesische Medizin bei vielen Krankheiten sehr gut geeignet ist. Sei es zur Heilung, zur Linderung oder zur Unterst\u00fctzung bei anderen Therapieformen. Allerdings sind Geduld und Eigeninitiative des Patienten erforderlich.<br>Die Chinesische Medizin besteht zu 10 % aus Akupunktur, zu 10 % aus Heilkr\u00e4utern und zu 80 % aus der \u00c4nderung der Lebensf\u00fchrung des Patienten. (nach Dr. Schen)<\/p>\n\n\n\n<p>F\u00fchrende deutsche Akupunkturgesellschaften haben eine ausf\u00fchrliche Liste der Erkrankungen unter <a href=\"https:\/\/deutsche-akupunktur-gesellschaft.de\/\" target=\"_blank\" rel=\"noreferrer noopener\">www.deutsche-akupunktur-gesellschaft.de<\/a> zusammengestellt. Danach ist die Akupunktur besonders bei chronisch-schmerzhaften Erkrankungen, psychosomatischen und funktionellen St\u00f6rungen \u2013 in der westlichen Medizin sogenannten \u201evegetativen Dystonien\u201c \u2013 und bei folgenden Grunderkrankungen zu empfehlen:<\/p>\n\n\n\n<ul class=\"wp-block-list\">\n<li>Gyn\u00e4kologische Erkrankungen<\/li>\n\n\n\n<li>Allergien<\/li>\n\n\n\n<li>Schmerzbehandlungen<\/li>\n\n\n\n<li>Erkrankungen des St\u00fctz- und Bewegungssystems<\/li>\n\n\n\n<li>Neurologische Erkrankungen<\/li>\n\n\n\n<li>Bronchopulmonale Erkrankungen<\/li>\n\n\n\n<li>Herz- und Kreislauf-Erkrankungen<\/li>\n\n\n\n<li>Gastrointestinale Krankheiten<\/li>\n\n\n\n<li>Urologische Erkrankungen<\/li>\n\n\n\n<li>Hals-Nasen-Ohren Krankheiten<\/li>\n\n\n\n<li>Augenerkrankungen<\/li>\n\n\n\n<li>Hauterkrankungen<\/li>\n\n\n\n<li>Nebenwirkungen von Medikamenten<\/li>\n\n\n\n<li>postvirales Ersch\u00f6pfungssyndrom (Long- Covid)<\/li>\n\n\n\n<li>Burn- out -Syndrom<\/li>\n\n\n\n<li>Suchtbehandlung<\/li>\n\n\n\n<li>Begleitung von Chemotherapie und Bestrahlung<\/li>\n<\/ul>\n","protected":false},"excerpt":{"rendered":"<p>Aus meiner Praxiserfahrung wei\u00df ich, dass die Chinesische Medizin bei vielen Krankheiten sehr gut geeignet ist. Sei es zur Heilung, zur Linderung oder zur Unterst\u00fctzung bei anderen Therapieformen. Allerdings sind Geduld und Eigeninitiative des Patienten erforderlich.Die Chinesische Medizin besteht zu 10 % aus Akupunktur, zu 10 % aus Heilkr\u00e4utern und zu 80 % aus der &hellip; <\/p>\n","protected":false},"author":1,"featured_media":119,"parent":2,"menu_order":0,"comment_status":"closed","ping_status":"closed","template":"","meta":{"footnotes":""},"class_list":["post-108","page","type-page","status-publish","has-post-thumbnail","hentry","grid-sizer"],"yoast_head":"<!-- This site is optimized with the Yoast SEO plugin v27.5 - https:\/\/yoast.com\/product\/yoast-seo-wordpress\/ -->\n<title>Indikation - Annedore Gauer<\/title>\n<meta name=\"robots\" content=\"index, follow, max-snippet:-1, max-image-preview:large, max-video-preview:-1\" \/>\n<link rel=\"canonical\" href=\"https:\/\/annedore-gauer.de\/index.php\/behandeln\/indikation\/\" \/>\n<meta property=\"og:locale\" content=\"de_DE\" \/>\n<meta property=\"og:type\" content=\"article\" \/>\n<meta property=\"og:title\" content=\"Indikation - Annedore Gauer\" \/>\n<meta property=\"og:description\" content=\"Aus meiner Praxiserfahrung wei\u00df ich, dass die Chinesische Medizin bei vielen Krankheiten sehr gut geeignet ist. Sei es zur Heilung, zur Linderung oder zur Unterst\u00fctzung bei anderen Therapieformen. Allerdings sind Geduld und Eigeninitiative des Patienten erforderlich.Die Chinesische Medizin besteht zu 10 % aus Akupunktur, zu 10 % aus Heilkr\u00e4utern und zu 80 % aus der &hellip;\" \/>\n<meta property=\"og:url\" content=\"https:\/\/annedore-gauer.de\/index.php\/behandeln\/indikation\/\" \/>\n<meta property=\"og:site_name\" content=\"Annedore Gauer\" \/>\n<meta property=\"article:modified_time\" content=\"2023-05-19T07:13:50+00:00\" \/>\n<meta property=\"og:image\" content=\"https:\/\/annedore-gauer.de\/wp-content\/uploads\/2023\/02\/TCM-heisse-Nadel-Technik-Moxa-699x1030-1.jpg\" \/>\n\t<meta property=\"og:image:width\" content=\"699\" \/>\n\t<meta property=\"og:image:height\" content=\"1030\" \/>\n\t<meta property=\"og:image:type\" content=\"image\/jpeg\" \/>\n<meta name=\"twitter:card\" content=\"summary_large_image\" \/>\n<meta name=\"twitter:label1\" content=\"Gesch\u00e4tzte Lesezeit\" \/>\n\t<meta name=\"twitter:data1\" content=\"1\u00a0Minute\" \/>\n<script type=\"application\/ld+json\" class=\"yoast-schema-graph\">{\"@context\":\"https:\\\/\\\/schema.org\",\"@graph\":[{\"@type\":\"WebPage\",\"@id\":\"https:\\\/\\\/annedore-gauer.de\\\/index.php\\\/behandeln\\\/indikation\\\/\",\"url\":\"https:\\\/\\\/annedore-gauer.de\\\/index.php\\\/behandeln\\\/indikation\\\/\",\"name\":\"Indikation - Annedore Gauer\",\"isPartOf\":{\"@id\":\"https:\\\/\\\/annedore-gauer.de\\\/#website\"},\"primaryImageOfPage\":{\"@id\":\"https:\\\/\\\/annedore-gauer.de\\\/index.php\\\/behandeln\\\/indikation\\\/#primaryimage\"},\"image\":{\"@id\":\"https:\\\/\\\/annedore-gauer.de\\\/index.php\\\/behandeln\\\/indikation\\\/#primaryimage\"},\"thumbnailUrl\":\"https:\\\/\\\/annedore-gauer.de\\\/wp-content\\\/uploads\\\/2023\\\/02\\\/TCM-heisse-Nadel-Technik-Moxa-699x1030-1.jpg\",\"datePublished\":\"2023-02-18T14:29:24+00:00\",\"dateModified\":\"2023-05-19T07:13:50+00:00\",\"breadcrumb\":{\"@id\":\"https:\\\/\\\/annedore-gauer.de\\\/index.php\\\/behandeln\\\/indikation\\\/#breadcrumb\"},\"inLanguage\":\"de\",\"potentialAction\":[{\"@type\":\"ReadAction\",\"target\":[\"https:\\\/\\\/annedore-gauer.de\\\/index.php\\\/behandeln\\\/indikation\\\/\"]}]},{\"@type\":\"ImageObject\",\"inLanguage\":\"de\",\"@id\":\"https:\\\/\\\/annedore-gauer.de\\\/index.php\\\/behandeln\\\/indikation\\\/#primaryimage\",\"url\":\"https:\\\/\\\/annedore-gauer.de\\\/wp-content\\\/uploads\\\/2023\\\/02\\\/TCM-heisse-Nadel-Technik-Moxa-699x1030-1.jpg\",\"contentUrl\":\"https:\\\/\\\/annedore-gauer.de\\\/wp-content\\\/uploads\\\/2023\\\/02\\\/TCM-heisse-Nadel-Technik-Moxa-699x1030-1.jpg\",\"width\":699,\"height\":1030},{\"@type\":\"BreadcrumbList\",\"@id\":\"https:\\\/\\\/annedore-gauer.de\\\/index.php\\\/behandeln\\\/indikation\\\/#breadcrumb\",\"itemListElement\":[{\"@type\":\"ListItem\",\"position\":1,\"name\":\"Startseite\",\"item\":\"https:\\\/\\\/annedore-gauer.de\\\/\"},{\"@type\":\"ListItem\",\"position\":2,\"name\":\"Behandeln\",\"item\":\"https:\\\/\\\/annedore-gauer.de\\\/index.php\\\/behandeln\\\/\"},{\"@type\":\"ListItem\",\"position\":3,\"name\":\"Indikation\"}]},{\"@type\":\"WebSite\",\"@id\":\"https:\\\/\\\/annedore-gauer.de\\\/#website\",\"url\":\"https:\\\/\\\/annedore-gauer.de\\\/\",\"name\":\"Annedore Gauer\",\"description\":\"\u00c4rztin\",\"publisher\":{\"@id\":\"https:\\\/\\\/annedore-gauer.de\\\/#organization\"},\"potentialAction\":[{\"@type\":\"SearchAction\",\"target\":{\"@type\":\"EntryPoint\",\"urlTemplate\":\"https:\\\/\\\/annedore-gauer.de\\\/?s={search_term_string}\"},\"query-input\":{\"@type\":\"PropertyValueSpecification\",\"valueRequired\":true,\"valueName\":\"search_term_string\"}}],\"inLanguage\":\"de\"},{\"@type\":\"Organization\",\"@id\":\"https:\\\/\\\/annedore-gauer.de\\\/#organization\",\"name\":\"Annedore Gauer\",\"alternateName\":\"Annedore Gauer TCM\",\"url\":\"https:\\\/\\\/annedore-gauer.de\\\/\",\"logo\":{\"@type\":\"ImageObject\",\"inLanguage\":\"de\",\"@id\":\"https:\\\/\\\/annedore-gauer.de\\\/#\\\/schema\\\/logo\\\/image\\\/\",\"url\":\"https:\\\/\\\/annedore-gauer.de\\\/wp-content\\\/uploads\\\/2023\\\/02\\\/cropped-cropped-menu_logo.png\",\"contentUrl\":\"https:\\\/\\\/annedore-gauer.de\\\/wp-content\\\/uploads\\\/2023\\\/02\\\/cropped-cropped-menu_logo.png\",\"width\":82,\"height\":200,\"caption\":\"Annedore Gauer\"},\"image\":{\"@id\":\"https:\\\/\\\/annedore-gauer.de\\\/#\\\/schema\\\/logo\\\/image\\\/\"}}]}<\/script>\n<!-- \/ Yoast SEO plugin. -->","yoast_head_json":{"title":"Indikation - Annedore Gauer","robots":{"index":"index","follow":"follow","max-snippet":"max-snippet:-1","max-image-preview":"max-image-preview:large","max-video-preview":"max-video-preview:-1"},"canonical":"https:\/\/annedore-gauer.de\/index.php\/behandeln\/indikation\/","og_locale":"de_DE","og_type":"article","og_title":"Indikation - Annedore Gauer","og_description":"Aus meiner Praxiserfahrung wei\u00df ich, dass die Chinesische Medizin bei vielen Krankheiten sehr gut geeignet ist. Sei es zur Heilung, zur Linderung oder zur Unterst\u00fctzung bei anderen Therapieformen. Allerdings sind Geduld und Eigeninitiative des Patienten erforderlich.Die Chinesische Medizin besteht zu 10 % aus Akupunktur, zu 10 % aus Heilkr\u00e4utern und zu 80 % aus der &hellip;","og_url":"https:\/\/annedore-gauer.de\/index.php\/behandeln\/indikation\/","og_site_name":"Annedore Gauer","article_modified_time":"2023-05-19T07:13:50+00:00","og_image":[{"width":699,"height":1030,"url":"https:\/\/annedore-gauer.de\/wp-content\/uploads\/2023\/02\/TCM-heisse-Nadel-Technik-Moxa-699x1030-1.jpg","type":"image\/jpeg"}],"twitter_card":"summary_large_image","twitter_misc":{"Gesch\u00e4tzte Lesezeit":"1\u00a0Minute"},"schema":{"@context":"https:\/\/schema.org","@graph":[{"@type":"WebPage","@id":"https:\/\/annedore-gauer.de\/index.php\/behandeln\/indikation\/","url":"https:\/\/annedore-gauer.de\/index.php\/behandeln\/indikation\/","name":"Indikation - Annedore Gauer","isPartOf":{"@id":"https:\/\/annedore-gauer.de\/#website"},"primaryImageOfPage":{"@id":"https:\/\/annedore-gauer.de\/index.php\/behandeln\/indikation\/#primaryimage"},"image":{"@id":"https:\/\/annedore-gauer.de\/index.php\/behandeln\/indikation\/#primaryimage"},"thumbnailUrl":"https:\/\/annedore-gauer.de\/wp-content\/uploads\/2023\/02\/TCM-heisse-Nadel-Technik-Moxa-699x1030-1.jpg","datePublished":"2023-02-18T14:29:24+00:00","dateModified":"2023-05-19T07:13:50+00:00","breadcrumb":{"@id":"https:\/\/annedore-gauer.de\/index.php\/behandeln\/indikation\/#breadcrumb"},"inLanguage":"de","potentialAction":[{"@type":"ReadAction","target":["https:\/\/annedore-gauer.de\/index.php\/behandeln\/indikation\/"]}]},{"@type":"ImageObject","inLanguage":"de","@id":"https:\/\/annedore-gauer.de\/index.php\/behandeln\/indikation\/#primaryimage","url":"https:\/\/annedore-gauer.de\/wp-content\/uploads\/2023\/02\/TCM-heisse-Nadel-Technik-Moxa-699x1030-1.jpg","contentUrl":"https:\/\/annedore-gauer.de\/wp-content\/uploads\/2023\/02\/TCM-heisse-Nadel-Technik-Moxa-699x1030-1.jpg","width":699,"height":1030},{"@type":"BreadcrumbList","@id":"https:\/\/annedore-gauer.de\/index.php\/behandeln\/indikation\/#breadcrumb","itemListElement":[{"@type":"ListItem","position":1,"name":"Startseite","item":"https:\/\/annedore-gauer.de\/"},{"@type":"ListItem","position":2,"name":"Behandeln","item":"https:\/\/annedore-gauer.de\/index.php\/behandeln\/"},{"@type":"ListItem","position":3,"name":"Indikation"}]},{"@type":"WebSite","@id":"https:\/\/annedore-gauer.de\/#website","url":"https:\/\/annedore-gauer.de\/","name":"Annedore Gauer","description":"\u00c4rztin","publisher":{"@id":"https:\/\/annedore-gauer.de\/#organization"},"potentialAction":[{"@type":"SearchAction","target":{"@type":"EntryPoint","urlTemplate":"https:\/\/annedore-gauer.de\/?s={search_term_string}"},"query-input":{"@type":"PropertyValueSpecification","valueRequired":true,"valueName":"search_term_string"}}],"inLanguage":"de"},{"@type":"Organization","@id":"https:\/\/annedore-gauer.de\/#organization","name":"Annedore Gauer","alternateName":"Annedore Gauer TCM","url":"https:\/\/annedore-gauer.de\/","logo":{"@type":"ImageObject","inLanguage":"de","@id":"https:\/\/annedore-gauer.de\/#\/schema\/logo\/image\/","url":"https:\/\/annedore-gauer.de\/wp-content\/uploads\/2023\/02\/cropped-cropped-menu_logo.png","contentUrl":"https:\/\/annedore-gauer.de\/wp-content\/uploads\/2023\/02\/cropped-cropped-menu_logo.png","width":82,"height":200,"caption":"Annedore Gauer"},"image":{"@id":"https:\/\/annedore-gauer.de\/#\/schema\/logo\/image\/"}}]}},"_links":{"self":[{"href":"https:\/\/annedore-gauer.de\/index.php\/wp-json\/wp\/v2\/pages\/108","targetHints":{"allow":["GET"]}}],"collection":[{"href":"https:\/\/annedore-gauer.de\/index.php\/wp-json\/wp\/v2\/pages"}],"about":[{"href":"https:\/\/annedore-gauer.de\/index.php\/wp-json\/wp\/v2\/types\/page"}],"author":[{"embeddable":true,"href":"https:\/\/annedore-gauer.de\/index.php\/wp-json\/wp\/v2\/users\/1"}],"replies":[{"embeddable":true,"href":"https:\/\/annedore-gauer.de\/index.php\/wp-json\/wp\/v2\/comments?post=108"}],"version-history":[{"count":6,"href":"https:\/\/annedore-gauer.de\/index.php\/wp-json\/wp\/v2\/pages\/108\/revisions"}],"predecessor-version":[{"id":427,"href":"https:\/\/annedore-gauer.de\/index.php\/wp-json\/wp\/v2\/pages\/108\/revisions\/427"}],"up":[{"embeddable":true,"href":"https:\/\/annedore-gauer.de\/index.php\/wp-json\/wp\/v2\/pages\/2"}],"wp:featuredmedia":[{"embeddable":true,"href":"https:\/\/annedore-gauer.de\/index.php\/wp-json\/wp\/v2\/media\/119"}],"wp:attachment":[{"href":"https:\/\/annedore-gauer.de\/index.php\/wp-json\/wp\/v2\/media?parent=108"}],"curies":[{"name":"wp","href":"https:\/\/api.w.org\/{rel}","templated":true}]}}