{"id":118,"date":"2023-02-18T15:40:39","date_gmt":"2023-02-18T14:40:39","guid":{"rendered":"https:\/\/tcm.maximilian-stieg.de\/?page_id=118"},"modified":"2023-05-18T15:46:31","modified_gmt":"2023-05-18T13:46:31","slug":"therapien","status":"publish","type":"page","link":"https:\/\/annedore-gauer.de\/index.php\/behandeln\/therapien\/","title":{"rendered":"Therapie"},"content":{"rendered":"\n<h2 class=\"wp-block-heading\">Behandlungsmethoden<\/h2>\n\n\n\n<p>\u201eTherapien sind Interventionen, die auf das Leben eines Menschen gerichtet sind und die entworfen wurden um eine Ver\u00e4nderung herbeizuf\u00fchren.\u201c (Zimbardo, Ph. G, 1995, S. 657)<br>Am Anfang der Therapie steht ein ca. einst\u00fcndiges Anamnesegespr\u00e4ch. Im Anschluss daran, werden Zunge, Puls und evtl. die Ohren besehen.<br>Diese diagnostischen Verfahren sind sehr alt und erfordern viel Kenntnis und Erfahrung. Sie sollten von jedem TCM- Therapeuten angewandt werden k\u00f6nnen.<br>Unter Einbeziehung schulmedizinischer Befunde wird dann eine individuelle Therapie entworfen, die aus chinesischen Heilkr\u00e4uterrezepturen, \u00fcbenden Methoden und begleitenden Gespr\u00e4chen besteht.<br>Es werden Ern\u00e4hrungsfragen und Lebensgewohnheiten besprochen und evtl. kommen Akupunktur, Akupressur, Moxibustion (W\u00e4rmetherapie mit Beifu\u00df), Gua Sha Fa (alte chinesische Massagetechnik) oder Schr\u00f6pfkopfbehandlungen zum Einsatz.<\/p>\n\n\n\n<p><\/p>\n\n\n\n<p><\/p>\n\n\n\n<p><\/p>\n\n\n\n<h2 class=\"wp-block-heading\">Akupunktur<\/h2>\n\n\n\n<p>Manipulieren oder Stechen von Akupunkturpunkten mit sterilen Einmalnadeln.<\/p>\n\n\n\n<p><\/p>\n\n\n\n<p><\/p>\n\n\n\n<h2 class=\"wp-block-heading\">Moxibustion<\/h2>\n\n\n\n<p>Erw\u00e4rmen bestimmter Punkte oder Areale mit Moxawolle, einer Moxazigarre oder einer Moxalampe.<\/p>\n\n\n\n<p><strong>Akupressur<\/strong><br>Samenk\u00f6rner werden auf Ohr-Akupunkturpunkte geklebt und stimuliert (vor allem bei Kindern).<\/p>\n\n\n\n<p><strong>Gua Sha Fa<br><\/strong>Alte Massagetechnik aus der Volksmedizin, die mithilfe von B\u00fcffelhorn-Werkzeugen ausgef\u00fchrt wird.<\/p>\n\n\n\n<p><strong>Schr\u00f6pfen<\/strong><br>Auf bestimmte K\u00f6rperteile wird mithilfe eines Schr\u00f6pfglases ein Reiz ausge\u00fcbt.<\/p>\n\n\n\n<p><strong>Pflaumenbl\u00fctenhammer<\/strong><br>Mit dieser speziellen \u201eNadelmethode\u201c wird die Haut \u00fcber bestimmten K\u00f6rperteilen beklopft.<\/p>\n\n\n\n<p><\/p>\n\n\n\n<p><\/p>\n\n\n\n<h2 class=\"wp-block-heading\">Arzneimitteltherapie<\/h2>\n\n\n\n<p>Vor allem pflanzliche und mineralische Naturstoffe werden hier als Heilmittel eingesetzt. Diese k\u00f6nnen der inneren oder \u00e4u\u00dferen Anwendung dienen.<br>Eine Kr\u00e4utermischung besteht manchmal aus bis zu 20 verschiedenen Einzelpflanzen, die in ihrer Wirkung und in der Dosierung genau aufeinander abgestimmt sein m\u00fcssen.<br>Sie werden als Dekokt (Sud oder Abkochung), als Granulat, manchmal auch als Pille und meist als Pulver verabreicht.<\/p>\n\n\n\n<p><\/p>\n\n\n\n<p><\/p>\n\n\n\n<h2 class=\"wp-block-heading\">Lebensf\u00fchrung<\/h2>\n\n\n\n<p>Neben diesen Aspekten werden auch wichtige Themen wie Lebensf\u00fchrung besprochen.<\/p>\n","protected":false},"excerpt":{"rendered":"<p>Behandlungsmethoden \u201eTherapien sind Interventionen, die auf das Leben eines Menschen gerichtet sind und die entworfen wurden um eine Ver\u00e4nderung herbeizuf\u00fchren.\u201c (Zimbardo, Ph. G, 1995, S. 657)Am Anfang der Therapie steht ein ca. einst\u00fcndiges Anamnesegespr\u00e4ch. Im Anschluss daran, werden Zunge, Puls und evtl. die Ohren besehen.Diese diagnostischen Verfahren sind sehr alt und erfordern viel Kenntnis und &hellip; <\/p>\n","protected":false},"author":1,"featured_media":50,"parent":2,"menu_order":2,"comment_status":"closed","ping_status":"closed","template":"","meta":{"footnotes":""},"class_list":["post-118","page","type-page","status-publish","has-post-thumbnail","hentry","grid-sizer"],"yoast_head":"<!-- This site is optimized with the Yoast SEO plugin v27.4 - https:\/\/yoast.com\/product\/yoast-seo-wordpress\/ -->\n<title>Therapie - Annedore Gauer<\/title>\n<meta name=\"robots\" content=\"index, follow, max-snippet:-1, max-image-preview:large, max-video-preview:-1\" \/>\n<link rel=\"canonical\" href=\"https:\/\/annedore-gauer.de\/index.php\/behandeln\/therapien\/\" \/>\n<meta property=\"og:locale\" content=\"de_DE\" \/>\n<meta property=\"og:type\" content=\"article\" \/>\n<meta property=\"og:title\" content=\"Therapie - Annedore Gauer\" \/>\n<meta property=\"og:description\" content=\"Behandlungsmethoden \u201eTherapien sind Interventionen, die auf das Leben eines Menschen gerichtet sind und die entworfen wurden um eine Ver\u00e4nderung herbeizuf\u00fchren.\u201c (Zimbardo, Ph. G, 1995, S. 657)Am Anfang der Therapie steht ein ca. einst\u00fcndiges Anamnesegespr\u00e4ch. Im Anschluss daran, werden Zunge, Puls und evtl. die Ohren besehen.Diese diagnostischen Verfahren sind sehr alt und erfordern viel Kenntnis und &hellip;\" \/>\n<meta property=\"og:url\" content=\"https:\/\/annedore-gauer.de\/index.php\/behandeln\/therapien\/\" \/>\n<meta property=\"og:site_name\" content=\"Annedore Gauer\" \/>\n<meta property=\"article:modified_time\" content=\"2023-05-18T13:46:31+00:00\" \/>\n<meta property=\"og:image\" content=\"https:\/\/annedore-gauer.de\/wp-content\/uploads\/2023\/02\/TCM-Akupunktur-Nadel-450x309-1.jpg\" \/>\n\t<meta property=\"og:image:width\" content=\"450\" \/>\n\t<meta property=\"og:image:height\" content=\"309\" \/>\n\t<meta property=\"og:image:type\" content=\"image\/jpeg\" \/>\n<meta name=\"twitter:card\" content=\"summary_large_image\" \/>\n<meta name=\"twitter:label1\" content=\"Gesch\u00e4tzte Lesezeit\" \/>\n\t<meta name=\"twitter:data1\" content=\"1\u00a0Minute\" \/>\n<script type=\"application\/ld+json\" class=\"yoast-schema-graph\">{\"@context\":\"https:\\\/\\\/schema.org\",\"@graph\":[{\"@type\":\"WebPage\",\"@id\":\"https:\\\/\\\/annedore-gauer.de\\\/index.php\\\/behandeln\\\/therapien\\\/\",\"url\":\"https:\\\/\\\/annedore-gauer.de\\\/index.php\\\/behandeln\\\/therapien\\\/\",\"name\":\"Therapie - Annedore Gauer\",\"isPartOf\":{\"@id\":\"https:\\\/\\\/annedore-gauer.de\\\/#website\"},\"primaryImageOfPage\":{\"@id\":\"https:\\\/\\\/annedore-gauer.de\\\/index.php\\\/behandeln\\\/therapien\\\/#primaryimage\"},\"image\":{\"@id\":\"https:\\\/\\\/annedore-gauer.de\\\/index.php\\\/behandeln\\\/therapien\\\/#primaryimage\"},\"thumbnailUrl\":\"https:\\\/\\\/annedore-gauer.de\\\/wp-content\\\/uploads\\\/2023\\\/02\\\/TCM-Akupunktur-Nadel-450x309-1.jpg\",\"datePublished\":\"2023-02-18T14:40:39+00:00\",\"dateModified\":\"2023-05-18T13:46:31+00:00\",\"breadcrumb\":{\"@id\":\"https:\\\/\\\/annedore-gauer.de\\\/index.php\\\/behandeln\\\/therapien\\\/#breadcrumb\"},\"inLanguage\":\"de\",\"potentialAction\":[{\"@type\":\"ReadAction\",\"target\":[\"https:\\\/\\\/annedore-gauer.de\\\/index.php\\\/behandeln\\\/therapien\\\/\"]}]},{\"@type\":\"ImageObject\",\"inLanguage\":\"de\",\"@id\":\"https:\\\/\\\/annedore-gauer.de\\\/index.php\\\/behandeln\\\/therapien\\\/#primaryimage\",\"url\":\"https:\\\/\\\/annedore-gauer.de\\\/wp-content\\\/uploads\\\/2023\\\/02\\\/TCM-Akupunktur-Nadel-450x309-1.jpg\",\"contentUrl\":\"https:\\\/\\\/annedore-gauer.de\\\/wp-content\\\/uploads\\\/2023\\\/02\\\/TCM-Akupunktur-Nadel-450x309-1.jpg\",\"width\":450,\"height\":309},{\"@type\":\"BreadcrumbList\",\"@id\":\"https:\\\/\\\/annedore-gauer.de\\\/index.php\\\/behandeln\\\/therapien\\\/#breadcrumb\",\"itemListElement\":[{\"@type\":\"ListItem\",\"position\":1,\"name\":\"Startseite\",\"item\":\"https:\\\/\\\/annedore-gauer.de\\\/\"},{\"@type\":\"ListItem\",\"position\":2,\"name\":\"Behandeln\",\"item\":\"https:\\\/\\\/annedore-gauer.de\\\/index.php\\\/behandeln\\\/\"},{\"@type\":\"ListItem\",\"position\":3,\"name\":\"Therapie\"}]},{\"@type\":\"WebSite\",\"@id\":\"https:\\\/\\\/annedore-gauer.de\\\/#website\",\"url\":\"https:\\\/\\\/annedore-gauer.de\\\/\",\"name\":\"Annedore Gauer\",\"description\":\"\u00c4rztin\",\"publisher\":{\"@id\":\"https:\\\/\\\/annedore-gauer.de\\\/#organization\"},\"potentialAction\":[{\"@type\":\"SearchAction\",\"target\":{\"@type\":\"EntryPoint\",\"urlTemplate\":\"https:\\\/\\\/annedore-gauer.de\\\/?s={search_term_string}\"},\"query-input\":{\"@type\":\"PropertyValueSpecification\",\"valueRequired\":true,\"valueName\":\"search_term_string\"}}],\"inLanguage\":\"de\"},{\"@type\":\"Organization\",\"@id\":\"https:\\\/\\\/annedore-gauer.de\\\/#organization\",\"name\":\"Annedore Gauer\",\"alternateName\":\"Annedore Gauer TCM\",\"url\":\"https:\\\/\\\/annedore-gauer.de\\\/\",\"logo\":{\"@type\":\"ImageObject\",\"inLanguage\":\"de\",\"@id\":\"https:\\\/\\\/annedore-gauer.de\\\/#\\\/schema\\\/logo\\\/image\\\/\",\"url\":\"https:\\\/\\\/annedore-gauer.de\\\/wp-content\\\/uploads\\\/2023\\\/02\\\/cropped-cropped-menu_logo.png\",\"contentUrl\":\"https:\\\/\\\/annedore-gauer.de\\\/wp-content\\\/uploads\\\/2023\\\/02\\\/cropped-cropped-menu_logo.png\",\"width\":82,\"height\":200,\"caption\":\"Annedore Gauer\"},\"image\":{\"@id\":\"https:\\\/\\\/annedore-gauer.de\\\/#\\\/schema\\\/logo\\\/image\\\/\"}}]}<\/script>\n<!-- \/ Yoast SEO plugin. -->","yoast_head_json":{"title":"Therapie - Annedore Gauer","robots":{"index":"index","follow":"follow","max-snippet":"max-snippet:-1","max-image-preview":"max-image-preview:large","max-video-preview":"max-video-preview:-1"},"canonical":"https:\/\/annedore-gauer.de\/index.php\/behandeln\/therapien\/","og_locale":"de_DE","og_type":"article","og_title":"Therapie - Annedore Gauer","og_description":"Behandlungsmethoden \u201eTherapien sind Interventionen, die auf das Leben eines Menschen gerichtet sind und die entworfen wurden um eine Ver\u00e4nderung herbeizuf\u00fchren.\u201c (Zimbardo, Ph. G, 1995, S. 657)Am Anfang der Therapie steht ein ca. einst\u00fcndiges Anamnesegespr\u00e4ch. Im Anschluss daran, werden Zunge, Puls und evtl. die Ohren besehen.Diese diagnostischen Verfahren sind sehr alt und erfordern viel Kenntnis und &hellip;","og_url":"https:\/\/annedore-gauer.de\/index.php\/behandeln\/therapien\/","og_site_name":"Annedore Gauer","article_modified_time":"2023-05-18T13:46:31+00:00","og_image":[{"width":450,"height":309,"url":"https:\/\/annedore-gauer.de\/wp-content\/uploads\/2023\/02\/TCM-Akupunktur-Nadel-450x309-1.jpg","type":"image\/jpeg"}],"twitter_card":"summary_large_image","twitter_misc":{"Gesch\u00e4tzte Lesezeit":"1\u00a0Minute"},"schema":{"@context":"https:\/\/schema.org","@graph":[{"@type":"WebPage","@id":"https:\/\/annedore-gauer.de\/index.php\/behandeln\/therapien\/","url":"https:\/\/annedore-gauer.de\/index.php\/behandeln\/therapien\/","name":"Therapie - Annedore Gauer","isPartOf":{"@id":"https:\/\/annedore-gauer.de\/#website"},"primaryImageOfPage":{"@id":"https:\/\/annedore-gauer.de\/index.php\/behandeln\/therapien\/#primaryimage"},"image":{"@id":"https:\/\/annedore-gauer.de\/index.php\/behandeln\/therapien\/#primaryimage"},"thumbnailUrl":"https:\/\/annedore-gauer.de\/wp-content\/uploads\/2023\/02\/TCM-Akupunktur-Nadel-450x309-1.jpg","datePublished":"2023-02-18T14:40:39+00:00","dateModified":"2023-05-18T13:46:31+00:00","breadcrumb":{"@id":"https:\/\/annedore-gauer.de\/index.php\/behandeln\/therapien\/#breadcrumb"},"inLanguage":"de","potentialAction":[{"@type":"ReadAction","target":["https:\/\/annedore-gauer.de\/index.php\/behandeln\/therapien\/"]}]},{"@type":"ImageObject","inLanguage":"de","@id":"https:\/\/annedore-gauer.de\/index.php\/behandeln\/therapien\/#primaryimage","url":"https:\/\/annedore-gauer.de\/wp-content\/uploads\/2023\/02\/TCM-Akupunktur-Nadel-450x309-1.jpg","contentUrl":"https:\/\/annedore-gauer.de\/wp-content\/uploads\/2023\/02\/TCM-Akupunktur-Nadel-450x309-1.jpg","width":450,"height":309},{"@type":"BreadcrumbList","@id":"https:\/\/annedore-gauer.de\/index.php\/behandeln\/therapien\/#breadcrumb","itemListElement":[{"@type":"ListItem","position":1,"name":"Startseite","item":"https:\/\/annedore-gauer.de\/"},{"@type":"ListItem","position":2,"name":"Behandeln","item":"https:\/\/annedore-gauer.de\/index.php\/behandeln\/"},{"@type":"ListItem","position":3,"name":"Therapie"}]},{"@type":"WebSite","@id":"https:\/\/annedore-gauer.de\/#website","url":"https:\/\/annedore-gauer.de\/","name":"Annedore Gauer","description":"\u00c4rztin","publisher":{"@id":"https:\/\/annedore-gauer.de\/#organization"},"potentialAction":[{"@type":"SearchAction","target":{"@type":"EntryPoint","urlTemplate":"https:\/\/annedore-gauer.de\/?s={search_term_string}"},"query-input":{"@type":"PropertyValueSpecification","valueRequired":true,"valueName":"search_term_string"}}],"inLanguage":"de"},{"@type":"Organization","@id":"https:\/\/annedore-gauer.de\/#organization","name":"Annedore Gauer","alternateName":"Annedore Gauer TCM","url":"https:\/\/annedore-gauer.de\/","logo":{"@type":"ImageObject","inLanguage":"de","@id":"https:\/\/annedore-gauer.de\/#\/schema\/logo\/image\/","url":"https:\/\/annedore-gauer.de\/wp-content\/uploads\/2023\/02\/cropped-cropped-menu_logo.png","contentUrl":"https:\/\/annedore-gauer.de\/wp-content\/uploads\/2023\/02\/cropped-cropped-menu_logo.png","width":82,"height":200,"caption":"Annedore Gauer"},"image":{"@id":"https:\/\/annedore-gauer.de\/#\/schema\/logo\/image\/"}}]}},"_links":{"self":[{"href":"https:\/\/annedore-gauer.de\/index.php\/wp-json\/wp\/v2\/pages\/118","targetHints":{"allow":["GET"]}}],"collection":[{"href":"https:\/\/annedore-gauer.de\/index.php\/wp-json\/wp\/v2\/pages"}],"about":[{"href":"https:\/\/annedore-gauer.de\/index.php\/wp-json\/wp\/v2\/types\/page"}],"author":[{"embeddable":true,"href":"https:\/\/annedore-gauer.de\/index.php\/wp-json\/wp\/v2\/users\/1"}],"replies":[{"embeddable":true,"href":"https:\/\/annedore-gauer.de\/index.php\/wp-json\/wp\/v2\/comments?post=118"}],"version-history":[{"count":6,"href":"https:\/\/annedore-gauer.de\/index.php\/wp-json\/wp\/v2\/pages\/118\/revisions"}],"predecessor-version":[{"id":430,"href":"https:\/\/annedore-gauer.de\/index.php\/wp-json\/wp\/v2\/pages\/118\/revisions\/430"}],"up":[{"embeddable":true,"href":"https:\/\/annedore-gauer.de\/index.php\/wp-json\/wp\/v2\/pages\/2"}],"wp:featuredmedia":[{"embeddable":true,"href":"https:\/\/annedore-gauer.de\/index.php\/wp-json\/wp\/v2\/media\/50"}],"wp:attachment":[{"href":"https:\/\/annedore-gauer.de\/index.php\/wp-json\/wp\/v2\/media?parent=118"}],"curies":[{"name":"wp","href":"https:\/\/api.w.org\/{rel}","templated":true}]}}