{"id":191,"date":"2023-02-19T19:15:19","date_gmt":"2023-02-19T18:15:19","guid":{"rendered":"https:\/\/tcm.maximilian-stieg.de\/?page_id=191"},"modified":"2024-12-07T11:51:32","modified_gmt":"2024-12-07T10:51:32","slug":"kontakt","status":"publish","type":"page","link":"https:\/\/annedore-gauer.de\/index.php\/kontakt\/","title":{"rendered":"Kontakt"},"content":{"rendered":"\n<p>Bitte haben Sie Verst\u00e4ndnis, dass wir zum Schutz Ihrer personenbezogenen und medizinischen Daten keine Terminanfragen per E-Mail oder \u00fcber das Kontaktformular entgegen nehmen. Sie k\u00f6nnen jedoch gerne \u00fcber diesen Weg Ihren R\u00fcckrufwunsch \u00fcbermitteln. Wir werden uns dann schnellstm\u00f6glich bei Ihnen telefonisch zur\u00fcckmelden. F\u00fcr alle allgemeinen Anfragen zur Traditionellen Chinesischen Medizin oder zu unseren Seminaren, k\u00f6nnen Sie gerne das nachstehende Kontaktformular verwenden oder uns direkt eine E-Mail an <a href=\"mailto:Info@Annedore-Gauer.de\">Info@Annedore-Gauer.de<\/a> senden. Aufgrund von Spam mussten wir leider eine Quizfrage hinzuf\u00fcgen.<\/p>\n\n\n\n<div class=\"wp-block-contact-form-7-contact-form-selector\">\n<div class=\"wpcf7 no-js\" id=\"wpcf7-f192-o1\" lang=\"de-DE\" dir=\"ltr\" data-wpcf7-id=\"192\">\n<div class=\"screen-reader-response\"><p role=\"status\" aria-live=\"polite\" aria-atomic=\"true\"><\/p> <ul><\/ul><\/div>\n<form action=\"\/index.php\/wp-json\/wp\/v2\/pages\/191#wpcf7-f192-o1\" method=\"post\" class=\"wpcf7-form init\" aria-label=\"Kontaktformular\" novalidate=\"novalidate\" data-status=\"init\">\n<fieldset class=\"hidden-fields-container\"><input type=\"hidden\" name=\"_wpcf7\" value=\"192\" \/><input type=\"hidden\" name=\"_wpcf7_version\" value=\"6.1.5\" \/><input type=\"hidden\" name=\"_wpcf7_locale\" value=\"de_DE\" \/><input type=\"hidden\" name=\"_wpcf7_unit_tag\" value=\"wpcf7-f192-o1\" \/><input type=\"hidden\" name=\"_wpcf7_container_post\" value=\"0\" \/><input type=\"hidden\" name=\"_wpcf7_posted_data_hash\" value=\"\" \/>\n<\/fieldset>\n<p><label> Ihr Name*<br \/>\n<span class=\"wpcf7-form-control-wrap\" data-name=\"your-name\"><input size=\"40\" maxlength=\"400\" class=\"wpcf7-form-control wpcf7-text wpcf7-validates-as-required\" aria-required=\"true\" aria-invalid=\"false\" value=\"\" type=\"text\" name=\"your-name\" \/><\/span> <\/label>\n<\/p>\n<p><label> Ihre E-Mail-Adresse*<br \/>\n<span class=\"wpcf7-form-control-wrap\" data-name=\"your-email\"><input size=\"40\" maxlength=\"400\" class=\"wpcf7-form-control wpcf7-email wpcf7-validates-as-required wpcf7-text wpcf7-validates-as-email\" aria-required=\"true\" aria-invalid=\"false\" value=\"\" type=\"email\" name=\"your-email\" \/><\/span> <\/label>\n<\/p>\n<p><label> Ihre Telefonnummer<br \/>\n<span class=\"wpcf7-form-control-wrap\" data-name=\"tel-694\"><input size=\"40\" maxlength=\"400\" class=\"wpcf7-form-control wpcf7-tel wpcf7-text wpcf7-validates-as-tel\" aria-invalid=\"false\" value=\"\" type=\"tel\" name=\"tel-694\" \/><\/span> <\/label>\n<\/p>\n<p><label> Betreff*<br \/>\n<span class=\"wpcf7-form-control-wrap\" data-name=\"your-subject\"><input size=\"40\" maxlength=\"400\" class=\"wpcf7-form-control wpcf7-text\" aria-invalid=\"false\" value=\"\" type=\"text\" name=\"your-subject\" \/><\/span> <\/label>\n<\/p>\n<p><label> Ihre Nachricht*<br \/>\n<span class=\"wpcf7-form-control-wrap\" data-name=\"your-message\"><textarea cols=\"50\" rows=\"50\" maxlength=\"2000\" class=\"wpcf7-form-control wpcf7-textarea\" aria-invalid=\"false\" name=\"your-message\"><\/textarea><\/span> <\/label>\n<\/p>\n<p><span class=\"wpcf7-form-control-wrap\" data-name=\"quiz-587\"><label><span class=\"wpcf7-quiz-label\">Wie hei\u00dft die Hauptstadt von Deutschland?*<\/span> <input size=\"40\" class=\"wpcf7-form-control wpcf7-quiz\" autocomplete=\"off\" aria-required=\"true\" aria-invalid=\"false\" type=\"text\" name=\"quiz-587\" \/><\/label><input type=\"hidden\" name=\"_wpcf7_quiz_answer_quiz-587\" value=\"b70c8992a6897760e960d75edc5a03fb\" \/><\/span>\n<\/p>\n<p><label> <span class=\"wpcf7-form-control-wrap\" data-name=\"acceptance-472\"><span class=\"wpcf7-form-control wpcf7-acceptance\"><span class=\"wpcf7-list-item\"><input type=\"checkbox\" name=\"acceptance-472\" value=\"1\" aria-invalid=\"false\" \/><\/span><\/span><\/span> <a target=\"_blank\" href=\"http:\/\/annedore-gauer.de\/index.php\/datenschutzerklaerung\">Datenschutzerkl\u00e4rung<\/a> gelesen und akzeptiert.* <\/label>\n<\/p>\n<p>* Pflichtfelder<br \/>\n<input class=\"wpcf7-form-control wpcf7-submit has-spinner\" type=\"submit\" value=\"Senden\" \/>\n<\/p><div class=\"wpcf7-response-output\" aria-hidden=\"true\"><\/div>\n<\/form>\n<\/div>\n<\/div>\n","protected":false},"excerpt":{"rendered":"<p>Bitte haben Sie Verst\u00e4ndnis, dass wir zum Schutz Ihrer personenbezogenen und medizinischen Daten keine Terminanfragen per E-Mail oder \u00fcber das Kontaktformular entgegen nehmen. Sie k\u00f6nnen jedoch gerne \u00fcber diesen Weg Ihren R\u00fcckrufwunsch \u00fcbermitteln. Wir werden uns dann schnellstm\u00f6glich bei Ihnen telefonisch zur\u00fcckmelden. F\u00fcr alle allgemeinen Anfragen zur Traditionellen Chinesischen Medizin oder zu unseren Seminaren, k\u00f6nnen &hellip; <\/p>\n","protected":false},"author":1,"featured_media":0,"parent":0,"menu_order":6,"comment_status":"closed","ping_status":"closed","template":"","meta":{"footnotes":""},"class_list":["post-191","page","type-page","status-publish","hentry","grid-sizer"],"yoast_head":"<!-- This site is optimized with the Yoast SEO plugin v27.4 - https:\/\/yoast.com\/product\/yoast-seo-wordpress\/ -->\n<title>Kontakt - Annedore Gauer<\/title>\n<meta name=\"robots\" content=\"index, follow, max-snippet:-1, max-image-preview:large, max-video-preview:-1\" \/>\n<link rel=\"canonical\" href=\"https:\/\/annedore-gauer.de\/index.php\/kontakt\/\" \/>\n<meta property=\"og:locale\" content=\"de_DE\" \/>\n<meta property=\"og:type\" content=\"article\" \/>\n<meta property=\"og:title\" content=\"Kontakt - Annedore Gauer\" \/>\n<meta property=\"og:description\" content=\"Bitte haben Sie Verst\u00e4ndnis, dass wir zum Schutz Ihrer personenbezogenen und medizinischen Daten keine Terminanfragen per E-Mail oder \u00fcber das Kontaktformular entgegen nehmen. Sie k\u00f6nnen jedoch gerne \u00fcber diesen Weg Ihren R\u00fcckrufwunsch \u00fcbermitteln. Wir werden uns dann schnellstm\u00f6glich bei Ihnen telefonisch zur\u00fcckmelden. F\u00fcr alle allgemeinen Anfragen zur Traditionellen Chinesischen Medizin oder zu unseren Seminaren, k\u00f6nnen &hellip;\" \/>\n<meta property=\"og:url\" content=\"https:\/\/annedore-gauer.de\/index.php\/kontakt\/\" \/>\n<meta property=\"og:site_name\" content=\"Annedore Gauer\" \/>\n<meta property=\"article:modified_time\" content=\"2024-12-07T10:51:32+00:00\" \/>\n<meta name=\"twitter:card\" content=\"summary_large_image\" \/>\n<meta name=\"twitter:label1\" content=\"Gesch\u00e4tzte Lesezeit\" \/>\n\t<meta name=\"twitter:data1\" content=\"1\u00a0Minute\" \/>\n<script type=\"application\/ld+json\" class=\"yoast-schema-graph\">{\"@context\":\"https:\\\/\\\/schema.org\",\"@graph\":[{\"@type\":\"WebPage\",\"@id\":\"https:\\\/\\\/annedore-gauer.de\\\/index.php\\\/kontakt\\\/\",\"url\":\"https:\\\/\\\/annedore-gauer.de\\\/index.php\\\/kontakt\\\/\",\"name\":\"Kontakt - Annedore Gauer\",\"isPartOf\":{\"@id\":\"https:\\\/\\\/annedore-gauer.de\\\/#website\"},\"datePublished\":\"2023-02-19T18:15:19+00:00\",\"dateModified\":\"2024-12-07T10:51:32+00:00\",\"breadcrumb\":{\"@id\":\"https:\\\/\\\/annedore-gauer.de\\\/index.php\\\/kontakt\\\/#breadcrumb\"},\"inLanguage\":\"de\",\"potentialAction\":[{\"@type\":\"ReadAction\",\"target\":[\"https:\\\/\\\/annedore-gauer.de\\\/index.php\\\/kontakt\\\/\"]}]},{\"@type\":\"BreadcrumbList\",\"@id\":\"https:\\\/\\\/annedore-gauer.de\\\/index.php\\\/kontakt\\\/#breadcrumb\",\"itemListElement\":[{\"@type\":\"ListItem\",\"position\":1,\"name\":\"Startseite\",\"item\":\"https:\\\/\\\/annedore-gauer.de\\\/\"},{\"@type\":\"ListItem\",\"position\":2,\"name\":\"Kontakt\"}]},{\"@type\":\"WebSite\",\"@id\":\"https:\\\/\\\/annedore-gauer.de\\\/#website\",\"url\":\"https:\\\/\\\/annedore-gauer.de\\\/\",\"name\":\"Annedore Gauer\",\"description\":\"\u00c4rztin\",\"publisher\":{\"@id\":\"https:\\\/\\\/annedore-gauer.de\\\/#organization\"},\"potentialAction\":[{\"@type\":\"SearchAction\",\"target\":{\"@type\":\"EntryPoint\",\"urlTemplate\":\"https:\\\/\\\/annedore-gauer.de\\\/?s={search_term_string}\"},\"query-input\":{\"@type\":\"PropertyValueSpecification\",\"valueRequired\":true,\"valueName\":\"search_term_string\"}}],\"inLanguage\":\"de\"},{\"@type\":\"Organization\",\"@id\":\"https:\\\/\\\/annedore-gauer.de\\\/#organization\",\"name\":\"Annedore Gauer\",\"alternateName\":\"Annedore Gauer TCM\",\"url\":\"https:\\\/\\\/annedore-gauer.de\\\/\",\"logo\":{\"@type\":\"ImageObject\",\"inLanguage\":\"de\",\"@id\":\"https:\\\/\\\/annedore-gauer.de\\\/#\\\/schema\\\/logo\\\/image\\\/\",\"url\":\"https:\\\/\\\/annedore-gauer.de\\\/wp-content\\\/uploads\\\/2023\\\/02\\\/cropped-cropped-menu_logo.png\",\"contentUrl\":\"https:\\\/\\\/annedore-gauer.de\\\/wp-content\\\/uploads\\\/2023\\\/02\\\/cropped-cropped-menu_logo.png\",\"width\":82,\"height\":200,\"caption\":\"Annedore Gauer\"},\"image\":{\"@id\":\"https:\\\/\\\/annedore-gauer.de\\\/#\\\/schema\\\/logo\\\/image\\\/\"}}]}<\/script>\n<!-- \/ Yoast SEO plugin. -->","yoast_head_json":{"title":"Kontakt - Annedore Gauer","robots":{"index":"index","follow":"follow","max-snippet":"max-snippet:-1","max-image-preview":"max-image-preview:large","max-video-preview":"max-video-preview:-1"},"canonical":"https:\/\/annedore-gauer.de\/index.php\/kontakt\/","og_locale":"de_DE","og_type":"article","og_title":"Kontakt - Annedore Gauer","og_description":"Bitte haben Sie Verst\u00e4ndnis, dass wir zum Schutz Ihrer personenbezogenen und medizinischen Daten keine Terminanfragen per E-Mail oder \u00fcber das Kontaktformular entgegen nehmen. Sie k\u00f6nnen jedoch gerne \u00fcber diesen Weg Ihren R\u00fcckrufwunsch \u00fcbermitteln. Wir werden uns dann schnellstm\u00f6glich bei Ihnen telefonisch zur\u00fcckmelden. F\u00fcr alle allgemeinen Anfragen zur Traditionellen Chinesischen Medizin oder zu unseren Seminaren, k\u00f6nnen &hellip;","og_url":"https:\/\/annedore-gauer.de\/index.php\/kontakt\/","og_site_name":"Annedore Gauer","article_modified_time":"2024-12-07T10:51:32+00:00","twitter_card":"summary_large_image","twitter_misc":{"Gesch\u00e4tzte Lesezeit":"1\u00a0Minute"},"schema":{"@context":"https:\/\/schema.org","@graph":[{"@type":"WebPage","@id":"https:\/\/annedore-gauer.de\/index.php\/kontakt\/","url":"https:\/\/annedore-gauer.de\/index.php\/kontakt\/","name":"Kontakt - Annedore Gauer","isPartOf":{"@id":"https:\/\/annedore-gauer.de\/#website"},"datePublished":"2023-02-19T18:15:19+00:00","dateModified":"2024-12-07T10:51:32+00:00","breadcrumb":{"@id":"https:\/\/annedore-gauer.de\/index.php\/kontakt\/#breadcrumb"},"inLanguage":"de","potentialAction":[{"@type":"ReadAction","target":["https:\/\/annedore-gauer.de\/index.php\/kontakt\/"]}]},{"@type":"BreadcrumbList","@id":"https:\/\/annedore-gauer.de\/index.php\/kontakt\/#breadcrumb","itemListElement":[{"@type":"ListItem","position":1,"name":"Startseite","item":"https:\/\/annedore-gauer.de\/"},{"@type":"ListItem","position":2,"name":"Kontakt"}]},{"@type":"WebSite","@id":"https:\/\/annedore-gauer.de\/#website","url":"https:\/\/annedore-gauer.de\/","name":"Annedore Gauer","description":"\u00c4rztin","publisher":{"@id":"https:\/\/annedore-gauer.de\/#organization"},"potentialAction":[{"@type":"SearchAction","target":{"@type":"EntryPoint","urlTemplate":"https:\/\/annedore-gauer.de\/?s={search_term_string}"},"query-input":{"@type":"PropertyValueSpecification","valueRequired":true,"valueName":"search_term_string"}}],"inLanguage":"de"},{"@type":"Organization","@id":"https:\/\/annedore-gauer.de\/#organization","name":"Annedore Gauer","alternateName":"Annedore Gauer TCM","url":"https:\/\/annedore-gauer.de\/","logo":{"@type":"ImageObject","inLanguage":"de","@id":"https:\/\/annedore-gauer.de\/#\/schema\/logo\/image\/","url":"https:\/\/annedore-gauer.de\/wp-content\/uploads\/2023\/02\/cropped-cropped-menu_logo.png","contentUrl":"https:\/\/annedore-gauer.de\/wp-content\/uploads\/2023\/02\/cropped-cropped-menu_logo.png","width":82,"height":200,"caption":"Annedore Gauer"},"image":{"@id":"https:\/\/annedore-gauer.de\/#\/schema\/logo\/image\/"}}]}},"_links":{"self":[{"href":"https:\/\/annedore-gauer.de\/index.php\/wp-json\/wp\/v2\/pages\/191","targetHints":{"allow":["GET"]}}],"collection":[{"href":"https:\/\/annedore-gauer.de\/index.php\/wp-json\/wp\/v2\/pages"}],"about":[{"href":"https:\/\/annedore-gauer.de\/index.php\/wp-json\/wp\/v2\/types\/page"}],"author":[{"embeddable":true,"href":"https:\/\/annedore-gauer.de\/index.php\/wp-json\/wp\/v2\/users\/1"}],"replies":[{"embeddable":true,"href":"https:\/\/annedore-gauer.de\/index.php\/wp-json\/wp\/v2\/comments?post=191"}],"version-history":[{"count":6,"href":"https:\/\/annedore-gauer.de\/index.php\/wp-json\/wp\/v2\/pages\/191\/revisions"}],"predecessor-version":[{"id":569,"href":"https:\/\/annedore-gauer.de\/index.php\/wp-json\/wp\/v2\/pages\/191\/revisions\/569"}],"wp:attachment":[{"href":"https:\/\/annedore-gauer.de\/index.php\/wp-json\/wp\/v2\/media?parent=191"}],"curies":[{"name":"wp","href":"https:\/\/api.w.org\/{rel}","templated":true}]}}