{"id":223,"date":"2023-02-19T20:10:38","date_gmt":"2023-02-19T19:10:38","guid":{"rendered":"https:\/\/tcm.maximilian-stieg.de\/?page_id=223"},"modified":"2025-01-14T17:47:27","modified_gmt":"2025-01-14T16:47:27","slug":"seminare","status":"publish","type":"page","link":"https:\/\/annedore-gauer.de\/index.php\/seminare\/","title":{"rendered":"Seminare"},"content":{"rendered":"\n<h2 class=\"wp-block-heading\">Begrenzungen und M\u00f6glichkeiten der modernen Medizin<\/h2>\n\n\n\n<p class=\"has-medium-font-size\">Die moderne Medizin hat unglaubliche M\u00f6glichkeiten. Sie ist wie eine Sammlung verschiedener Werkzeuge von Medikamenten bis zu Operationen, die viele Gesundheitsprobleme beheben kann. Es ist aber auch wichtig zu erkennen, dass diese Sammlung nicht vollst\u00e4ndig ist. Manchmal sind die Antworten, die wir brauchen nicht darin zu finden. Eine der Begrenzungen der modernen Medizin ist, dass sie oft darauf abzielt, Symptome zu behandeln anstatt die eigentliche Ursache eines Problems zu finden. Um wirklich zu heilen, m\u00fcssen wir tiefer schauen und die zugrunde liegenden Ausl\u00f6ser einer Krankheit verstehen. Es gibt viele M\u00f6glichkeiten in der modernen Medizin, sie mit traditionellen Methoden der \u00f6stlichen Philosophie und Therapie zu kombinieren. Es ist wie die Verwendung alter und neuer Landkarten um den besten Weg zu finden. Wir k\u00f6nnen das beste aus beiden Welten nutzen um einen ganzheitlichen Ansatz f\u00fcr unsere Gesundheit zu schaffen. <\/p>\n\n\n\n<p class=\"has-medium-font-size\">Informiert zu sein und unsere eigenen Entscheidungen zur Gesundheit zu treffen wird immer wichtiger. Pr\u00e4ventive Gesundheitsvorsorge ist ein weiterer Aspekt. Es ist, als w\u00fcrde man eine Mauer erschaffen, um Probleme fernzuhalten, anstatt nur Reparaturen durchzuf\u00fchren. Indem wir uns um unseren K\u00f6rper und um unseren Geist k\u00fcmmern, k\u00f6nnen wir viele gesundheitliche Probleme verhindern, bevor sie \u00fcberhaupt entstehen. Entdecken wir die Kraft der Selbstheilung. Diese beginnt mit dem Glauben an die F\u00e4higkeit des K\u00f6rpers, sich von Strapazen und Herausforderungen zu erholen und zu regenerieren. Einer der Schl\u00fcssel zur Selbstheilung ist das Verst\u00e4ndnis unseres K\u00f6rpers. Lernen wir, die Signale des K\u00f6rpers zu h\u00f6ren und richtig zu deuten. Das Verst\u00e4ndnis dessen, was unser K\u00f6rper braucht, ist entscheidend. Das bedeutet auch, alle Aspekte unseres Lebens zu betrachten. Sich durch Wissen hierzu zu erm\u00e4chtigen ist in der heutigen Zeit entscheidend. Je mehr wir \u00fcber Gesundheit lernen, desto besser k\u00f6nnen wir uns und unsere lieben pflegen und kurieren. Dies kann durch die Teilnahme an diesen Seminaren geschehen. Die Erfahrungen zeigen, was alles m\u00f6glich ist, wenn wir die Kontrolle \u00fcber unsere Gesundheit auch selbst \u00fcbernehmen.<\/p>\n\n\n\n<p class=\"has-medium-font-size\">In sechs zweit\u00e4gigen Seminaren m\u00f6chte ich diese Grundlagen vermitteln. Das Gelernte erm\u00f6glicht, sich selbst und seine lieben von kleineren Erkrankungen zu kurieren, Zusammenh\u00e4nge zu verstehen und vorbeugende Ma\u00dfnahmen zu ergreifen. Es werden die Bereiche Ern\u00e4hrung, Lebensumst\u00e4nde, Akupunktur bzw. Akupressur, Massage, Heilkr\u00e4uter und Feng Shui einflie\u00dfen. Wir starten am 18. \/ 19. Oktober 2025 hier wird es um die Grundlagen der chinesischen Medizin und Philosophie gehen, so dass wir 2026 in die f\u00fcnf Elemente (oder besser Wandlungen) gehen k\u00f6nnen, also f\u00fcnf Seminare zu den jeweiligen Jahreszeiten. N\u00e4here Informationen gerne in der Praxis unter 0511\/ 458 4303 oder per Mail.<\/p>\n\n\n\n<p><\/p>\n\n\n\n<p><\/p>\n\n\n\n<p><\/p>\n\n\n\n<p><\/p>\n\n\n\n<p><\/p>\n\n\n\n<h3 class=\"wp-block-heading\"><\/h3>\n\n\n\n<h2 class=\"wp-block-heading\"><\/h2>\n","protected":false},"excerpt":{"rendered":"<p>Begrenzungen und M\u00f6glichkeiten der modernen Medizin Die moderne Medizin hat unglaubliche M\u00f6glichkeiten. Sie ist wie eine Sammlung verschiedener Werkzeuge von Medikamenten bis zu Operationen, die viele Gesundheitsprobleme beheben kann. Es ist aber auch wichtig zu erkennen, dass diese Sammlung nicht vollst\u00e4ndig ist. Manchmal sind die Antworten, die wir brauchen nicht darin zu finden. Eine der &hellip; <\/p>\n","protected":false},"author":1,"featured_media":0,"parent":0,"menu_order":0,"comment_status":"closed","ping_status":"closed","template":"","meta":{"footnotes":""},"class_list":["post-223","page","type-page","status-publish","hentry","grid-sizer"],"yoast_head":"<!-- This site is optimized with the Yoast SEO plugin v27.5 - https:\/\/yoast.com\/product\/yoast-seo-wordpress\/ -->\n<title>Seminare - Annedore Gauer<\/title>\n<meta name=\"robots\" content=\"index, follow, max-snippet:-1, max-image-preview:large, max-video-preview:-1\" \/>\n<link rel=\"canonical\" href=\"https:\/\/annedore-gauer.de\/index.php\/seminare\/\" \/>\n<meta property=\"og:locale\" content=\"de_DE\" \/>\n<meta property=\"og:type\" content=\"article\" \/>\n<meta property=\"og:title\" content=\"Seminare - Annedore Gauer\" \/>\n<meta property=\"og:description\" content=\"Begrenzungen und M\u00f6glichkeiten der modernen Medizin Die moderne Medizin hat unglaubliche M\u00f6glichkeiten. Sie ist wie eine Sammlung verschiedener Werkzeuge von Medikamenten bis zu Operationen, die viele Gesundheitsprobleme beheben kann. Es ist aber auch wichtig zu erkennen, dass diese Sammlung nicht vollst\u00e4ndig ist. Manchmal sind die Antworten, die wir brauchen nicht darin zu finden. Eine der &hellip;\" \/>\n<meta property=\"og:url\" content=\"https:\/\/annedore-gauer.de\/index.php\/seminare\/\" \/>\n<meta property=\"og:site_name\" content=\"Annedore Gauer\" \/>\n<meta property=\"article:modified_time\" content=\"2025-01-14T16:47:27+00:00\" \/>\n<meta name=\"twitter:card\" content=\"summary_large_image\" \/>\n<meta name=\"twitter:label1\" content=\"Gesch\u00e4tzte Lesezeit\" \/>\n\t<meta name=\"twitter:data1\" content=\"3\u00a0Minuten\" \/>\n<script type=\"application\/ld+json\" class=\"yoast-schema-graph\">{\"@context\":\"https:\\\/\\\/schema.org\",\"@graph\":[{\"@type\":\"WebPage\",\"@id\":\"https:\\\/\\\/annedore-gauer.de\\\/index.php\\\/seminare\\\/\",\"url\":\"https:\\\/\\\/annedore-gauer.de\\\/index.php\\\/seminare\\\/\",\"name\":\"Seminare - Annedore Gauer\",\"isPartOf\":{\"@id\":\"https:\\\/\\\/annedore-gauer.de\\\/#website\"},\"datePublished\":\"2023-02-19T19:10:38+00:00\",\"dateModified\":\"2025-01-14T16:47:27+00:00\",\"breadcrumb\":{\"@id\":\"https:\\\/\\\/annedore-gauer.de\\\/index.php\\\/seminare\\\/#breadcrumb\"},\"inLanguage\":\"de\",\"potentialAction\":[{\"@type\":\"ReadAction\",\"target\":[\"https:\\\/\\\/annedore-gauer.de\\\/index.php\\\/seminare\\\/\"]}]},{\"@type\":\"BreadcrumbList\",\"@id\":\"https:\\\/\\\/annedore-gauer.de\\\/index.php\\\/seminare\\\/#breadcrumb\",\"itemListElement\":[{\"@type\":\"ListItem\",\"position\":1,\"name\":\"Startseite\",\"item\":\"https:\\\/\\\/annedore-gauer.de\\\/\"},{\"@type\":\"ListItem\",\"position\":2,\"name\":\"Seminare\"}]},{\"@type\":\"WebSite\",\"@id\":\"https:\\\/\\\/annedore-gauer.de\\\/#website\",\"url\":\"https:\\\/\\\/annedore-gauer.de\\\/\",\"name\":\"Annedore Gauer\",\"description\":\"\u00c4rztin\",\"publisher\":{\"@id\":\"https:\\\/\\\/annedore-gauer.de\\\/#organization\"},\"potentialAction\":[{\"@type\":\"SearchAction\",\"target\":{\"@type\":\"EntryPoint\",\"urlTemplate\":\"https:\\\/\\\/annedore-gauer.de\\\/?s={search_term_string}\"},\"query-input\":{\"@type\":\"PropertyValueSpecification\",\"valueRequired\":true,\"valueName\":\"search_term_string\"}}],\"inLanguage\":\"de\"},{\"@type\":\"Organization\",\"@id\":\"https:\\\/\\\/annedore-gauer.de\\\/#organization\",\"name\":\"Annedore Gauer\",\"alternateName\":\"Annedore Gauer TCM\",\"url\":\"https:\\\/\\\/annedore-gauer.de\\\/\",\"logo\":{\"@type\":\"ImageObject\",\"inLanguage\":\"de\",\"@id\":\"https:\\\/\\\/annedore-gauer.de\\\/#\\\/schema\\\/logo\\\/image\\\/\",\"url\":\"https:\\\/\\\/annedore-gauer.de\\\/wp-content\\\/uploads\\\/2023\\\/02\\\/cropped-cropped-menu_logo.png\",\"contentUrl\":\"https:\\\/\\\/annedore-gauer.de\\\/wp-content\\\/uploads\\\/2023\\\/02\\\/cropped-cropped-menu_logo.png\",\"width\":82,\"height\":200,\"caption\":\"Annedore Gauer\"},\"image\":{\"@id\":\"https:\\\/\\\/annedore-gauer.de\\\/#\\\/schema\\\/logo\\\/image\\\/\"}}]}<\/script>\n<!-- \/ Yoast SEO plugin. -->","yoast_head_json":{"title":"Seminare - Annedore Gauer","robots":{"index":"index","follow":"follow","max-snippet":"max-snippet:-1","max-image-preview":"max-image-preview:large","max-video-preview":"max-video-preview:-1"},"canonical":"https:\/\/annedore-gauer.de\/index.php\/seminare\/","og_locale":"de_DE","og_type":"article","og_title":"Seminare - Annedore Gauer","og_description":"Begrenzungen und M\u00f6glichkeiten der modernen Medizin Die moderne Medizin hat unglaubliche M\u00f6glichkeiten. Sie ist wie eine Sammlung verschiedener Werkzeuge von Medikamenten bis zu Operationen, die viele Gesundheitsprobleme beheben kann. Es ist aber auch wichtig zu erkennen, dass diese Sammlung nicht vollst\u00e4ndig ist. Manchmal sind die Antworten, die wir brauchen nicht darin zu finden. Eine der &hellip;","og_url":"https:\/\/annedore-gauer.de\/index.php\/seminare\/","og_site_name":"Annedore Gauer","article_modified_time":"2025-01-14T16:47:27+00:00","twitter_card":"summary_large_image","twitter_misc":{"Gesch\u00e4tzte Lesezeit":"3\u00a0Minuten"},"schema":{"@context":"https:\/\/schema.org","@graph":[{"@type":"WebPage","@id":"https:\/\/annedore-gauer.de\/index.php\/seminare\/","url":"https:\/\/annedore-gauer.de\/index.php\/seminare\/","name":"Seminare - Annedore Gauer","isPartOf":{"@id":"https:\/\/annedore-gauer.de\/#website"},"datePublished":"2023-02-19T19:10:38+00:00","dateModified":"2025-01-14T16:47:27+00:00","breadcrumb":{"@id":"https:\/\/annedore-gauer.de\/index.php\/seminare\/#breadcrumb"},"inLanguage":"de","potentialAction":[{"@type":"ReadAction","target":["https:\/\/annedore-gauer.de\/index.php\/seminare\/"]}]},{"@type":"BreadcrumbList","@id":"https:\/\/annedore-gauer.de\/index.php\/seminare\/#breadcrumb","itemListElement":[{"@type":"ListItem","position":1,"name":"Startseite","item":"https:\/\/annedore-gauer.de\/"},{"@type":"ListItem","position":2,"name":"Seminare"}]},{"@type":"WebSite","@id":"https:\/\/annedore-gauer.de\/#website","url":"https:\/\/annedore-gauer.de\/","name":"Annedore Gauer","description":"\u00c4rztin","publisher":{"@id":"https:\/\/annedore-gauer.de\/#organization"},"potentialAction":[{"@type":"SearchAction","target":{"@type":"EntryPoint","urlTemplate":"https:\/\/annedore-gauer.de\/?s={search_term_string}"},"query-input":{"@type":"PropertyValueSpecification","valueRequired":true,"valueName":"search_term_string"}}],"inLanguage":"de"},{"@type":"Organization","@id":"https:\/\/annedore-gauer.de\/#organization","name":"Annedore Gauer","alternateName":"Annedore Gauer TCM","url":"https:\/\/annedore-gauer.de\/","logo":{"@type":"ImageObject","inLanguage":"de","@id":"https:\/\/annedore-gauer.de\/#\/schema\/logo\/image\/","url":"https:\/\/annedore-gauer.de\/wp-content\/uploads\/2023\/02\/cropped-cropped-menu_logo.png","contentUrl":"https:\/\/annedore-gauer.de\/wp-content\/uploads\/2023\/02\/cropped-cropped-menu_logo.png","width":82,"height":200,"caption":"Annedore Gauer"},"image":{"@id":"https:\/\/annedore-gauer.de\/#\/schema\/logo\/image\/"}}]}},"_links":{"self":[{"href":"https:\/\/annedore-gauer.de\/index.php\/wp-json\/wp\/v2\/pages\/223","targetHints":{"allow":["GET"]}}],"collection":[{"href":"https:\/\/annedore-gauer.de\/index.php\/wp-json\/wp\/v2\/pages"}],"about":[{"href":"https:\/\/annedore-gauer.de\/index.php\/wp-json\/wp\/v2\/types\/page"}],"author":[{"embeddable":true,"href":"https:\/\/annedore-gauer.de\/index.php\/wp-json\/wp\/v2\/users\/1"}],"replies":[{"embeddable":true,"href":"https:\/\/annedore-gauer.de\/index.php\/wp-json\/wp\/v2\/comments?post=223"}],"version-history":[{"count":23,"href":"https:\/\/annedore-gauer.de\/index.php\/wp-json\/wp\/v2\/pages\/223\/revisions"}],"predecessor-version":[{"id":613,"href":"https:\/\/annedore-gauer.de\/index.php\/wp-json\/wp\/v2\/pages\/223\/revisions\/613"}],"wp:attachment":[{"href":"https:\/\/annedore-gauer.de\/index.php\/wp-json\/wp\/v2\/media?parent=223"}],"curies":[{"name":"wp","href":"https:\/\/api.w.org\/{rel}","templated":true}]}}