{"id":23,"date":"2023-02-18T13:00:25","date_gmt":"2023-02-18T12:00:25","guid":{"rendered":"https:\/\/tcm.maximilian-stieg.de\/?page_id=23"},"modified":"2026-04-12T20:24:56","modified_gmt":"2026-04-12T18:24:56","slug":"annedore-gauer","status":"publish","type":"page","link":"https:\/\/annedore-gauer.de\/","title":{"rendered":""},"content":{"rendered":"\n<h2 class=\"wp-block-heading has-text-align-center\">Liebe Patientinnen und Patienten,<\/h2>\n\n<br>\n\n<p class=\"has-text-align-center\">als \u00c4rztin bin ich verpflichtet, nach der Geb\u00fchrenordnung f\u00fcr \u00c4rzte (GO\u00c4) abzurechnen.<br>Diese stammt aus dem Jahr 1982.<br>Seither haben sich die Kosten zur Unterhaltung meiner Praxis (L\u00f6hne, Nebenkosten, Miete, Material\u2026) mehr als verdoppelt.<br>Die Politik hat unsere Geb\u00fchrens\u00e4tze aber leider nicht angepasst.<br>Die renommierten \u00c4rztevertretungen weisen seit langem auf einige M\u00f6glichkeiten hin, das Geb\u00fchrensystem besser zu nutzen.<br>Ich bin nun gezwungen, diese \u00c4nderungen in unsere Abrechnung einzuf\u00fchren.<br>Das bedeutet f\u00fcr Sie in einigen F\u00e4llen eine geringf\u00fcgige Erh\u00f6hung unserer Geb\u00fchren, die evtl. nicht von den Krankenkassen getragen wird und daher in Ihren Selbstzahler- Modus f\u00e4llt.<br>Bitte haben Sie daf\u00fcr Verst\u00e4ndnis.<br>Ich werde auch in Zukunft keine Geb\u00fchr f\u00fcr nicht abgesagte Termine erheben, mit Ausnahme der Erstgespr\u00e4che.<br>Bitte geben Sie uns einen Werktag vorher Bescheid, wenn Sie einen Termin nicht wahrnehmen k\u00f6nnen. Wir reservieren viel Zeit f\u00fcr Sie.<br>Ich w\u00fcnsche mir, dass ich meine Praxis weiterhin auf der Basis gegenseitigen Vertrauens f\u00fchren kann<br>Ihre Annedore Gauer<br>\u00c4rztin und Dozentin f\u00fcr chinesische Medizin<\/p>\n\n<br><br>\n\n<h2 class=\"wp-block-heading has-text-align-center\">Wichtige \u00c4nderung ab 13.04.2026<\/h2>\n\n<br>\n\n<p class=\"has-text-align-center\">Aufgrund der Entwicklungen der letzten Zeit, sehen wir uns gezwungen, ab dem 13.04.2026 ein Ausfallhonorar gem\u00e4\u00df \u00a7615 Satz 1 BGB (BGH Urteil Az. III ZR 78\/21 vom 21.05.2022) zu berechnen. Dies wird bei nicht wahrgenommenen Terminen erhoben, die nicht oder sp\u00e4ter als 24 Stunden vorher telefonisch oder per Mail abgesagt wurden und bel\u00e4uft sich auf \u20ac 30,- per Standarttermin und \u20ac 65,- f\u00fcr Ersttermine oder vereinbarte Sondertermine.<br><br>Wir bitten um Ihr Verst\u00e4ndnis.<br>Vielen Dank, Ihr Praxisteam<\/p>\n\n\n\n<p><\/p>\n\n\n\n<p><\/p>\n\n\n\n<h2 class=\"wp-block-heading alignwide has-text-align-center\" id=\"we-re-a-studio-in-berlin-with-an-international-practice-in-architecture-urban-planning-and-interior-design-we-believe-in-sharing-knowledge-and-promoting-dialogue-to-increase-the-creative-potential-of-collaboration\" style=\"font-size:48px;line-height:1.1\">Philosophie<\/h2>\n\n\n\n<p><\/p>\n\n\n<div class=\"wp-block-image is-style-rounded\">\n<figure class=\"alignleft size-medium is-resized\"><img loading=\"lazy\" decoding=\"async\" width=\"203\" height=\"300\" src=\"https:\/\/annedore-gauer.de\/wp-content\/uploads\/2023\/05\/china-008-203x300.jpg\" alt=\"\" class=\"wp-image-392\" style=\"width:224px;height:357px\" srcset=\"https:\/\/annedore-gauer.de\/wp-content\/uploads\/2023\/05\/china-008-203x300.jpg 203w, https:\/\/annedore-gauer.de\/wp-content\/uploads\/2023\/05\/china-008-692x1024.jpg 692w, https:\/\/annedore-gauer.de\/wp-content\/uploads\/2023\/05\/china-008-768x1137.jpg 768w, https:\/\/annedore-gauer.de\/wp-content\/uploads\/2023\/05\/china-008-1038x1536.jpg 1038w, https:\/\/annedore-gauer.de\/wp-content\/uploads\/2023\/05\/china-008-41x60.jpg 41w, https:\/\/annedore-gauer.de\/wp-content\/uploads\/2023\/05\/china-008.jpg 1228w\" sizes=\"auto, (max-width: 203px) 100vw, 203px\" \/><\/figure>\n<\/div>\n\n\n<p>Auf der Suche nach einem Heilsystem, welches meine T\u00e4tigkeit in der &#8222;Schulmedizin&#8220; erg\u00e4nzen k\u00f6nnte, stie\u00df ich Ende der 80er Jahre auf die chinesische Medizin. Ein System, das die Untrennbarkeit von K\u00f6rper und Geist, Natur und Mensch und schlie\u00dflich Philosophie und Wissenschaft verk\u00f6rpert, wie keine anderes. Je tiefer ich in den letzten 30 Jahren in diese Lehre eintauchen durfte, umso \u00fcberzeugender finde ich deren Ans\u00e4tze und die therapeutischen Ergebnisse geben uns durchaus Recht. In einer Zeit in der Spezialisierung und Technikgl\u00e4ubigkeit immer mehr zu einer Entfremdung von Arzt\/in und Patient\/in f\u00fchrten, stellt die Sichtweise der chinesischen Medizin eine optimale Erg\u00e4nzung dar. Grundlage der \u00f6stlichen Philosophie ist die Lehre der f\u00fcnf Elemente. Jedes dieser Elemente l\u00e4sst sich in unserem Leben und in unseren Anlagen in unterschiedlicher Auspr\u00e4gung wiederfinden. Im g\u00fcnstigsten Fall repr\u00e4sentiert das Holz unser Durchsetzungsverm\u00f6gen, die transformative Kraft des Fr\u00fchlings und des Windes. Im Feuer kommt unser kreatives Bewusstsein zum Ausdruck und wir erleben in ihn die wohltuende &#8222;Hochzeit&#8220; des Sommers. Die Erde symbolisiert unsere Bindungen und unsere F\u00e4higkeit zur Differenzierung. Sie n\u00e4hrt uns besonders im Sp\u00e4tsommer und in \u00dcbergangsphasen. Das Metall steht f\u00fcr die F\u00e4higkeit zur Transformation von Beziehungen, f\u00fcr Trennungen und die damit verbundene Trauerarbeit. Es hat seine besondere Jahreszeit im Herbst. Und schlie\u00dflich finden wir im Element des Wassers unsere Verbindung mit unserer Identit\u00e4t, mit Vertrauen und Transzendenz. Es hat einen engen Bezug zur ruhigen dunklen Jahreszeit des Winters.<br><br><\/p>\n\n\n<div class=\"wp-block-image is-style-rounded\">\n<figure class=\"alignleft size-large is-resized\"><img loading=\"lazy\" decoding=\"async\" width=\"959\" height=\"1420\" src=\"https:\/\/annedore-gauer.de\/wp-content\/uploads\/2023\/05\/china-190-1-edited.jpg\" alt=\"\" class=\"wp-image-403\" style=\"width:224px;height:357px\" srcset=\"https:\/\/annedore-gauer.de\/wp-content\/uploads\/2023\/05\/china-190-1-edited.jpg 959w, https:\/\/annedore-gauer.de\/wp-content\/uploads\/2023\/05\/china-190-1-edited-203x300.jpg 203w, https:\/\/annedore-gauer.de\/wp-content\/uploads\/2023\/05\/china-190-1-edited-692x1024.jpg 692w, https:\/\/annedore-gauer.de\/wp-content\/uploads\/2023\/05\/china-190-1-edited-768x1137.jpg 768w, https:\/\/annedore-gauer.de\/wp-content\/uploads\/2023\/05\/china-190-1-edited-41x60.jpg 41w\" sizes=\"auto, (max-width: 959px) 100vw, 959px\" \/><\/figure>\n<\/div>\n\n\n<p><strong>Die drei Sch\u00e4tze<\/strong><br>Shen &#8211; der Geist, Qi &#8211; die &#8222;Lebensenergie&#8220; und Jing &#8211; unsere genetische Essenz stellen eine weitere wichtige Grundlage dieser Philosophie dar. Es gilt sie zu pflegen und Yangsheng  (Lebenspflege) zu betreiben. Durch unseren modernen Lebensstil kann es vorkommen, dass unser Shen zu voll und zu unruhig ist. Wir gr\u00fcbeln und sorgen uns zu viel und n\u00e4hren unseren Geist nicht ausreichend mit der Ruhe eines gesunden Schlafes. Unser Qi flie\u00dft nicht frei im K\u00f6rper, weil wir vielleicht zu viel sitzen, uns nicht gut ern\u00e4hren oder zu wenig gesunde Bewegung in unserer Alltag integriert haben. Au\u00dferdem blockieren wir unseren Qi- Fluss allzu oft mit \u00e4rgerlichen Gedankenschleifen und fehlgeleiteten \u00c4ngsten. Dies alles ersch\u00f6pft unsere Lebens- Essenz, die so etwas ein ein &#8222;Guthaben- Konto&#8220; darstellt, mit dem wir geboren werden. Wir erben dieses Guthaben von unseren Eltern und geben es an unsere Kinder weiter.<\/p>\n","protected":false},"excerpt":{"rendered":"<p>Liebe Patientinnen und Patienten, als \u00c4rztin bin ich verpflichtet, nach der Geb\u00fchrenordnung f\u00fcr \u00c4rzte (GO\u00c4) abzurechnen.Diese stammt aus dem Jahr 1982.Seither haben sich die Kosten zur Unterhaltung meiner Praxis (L\u00f6hne, Nebenkosten, Miete, Material\u2026) mehr als verdoppelt.Die Politik hat unsere Geb\u00fchrens\u00e4tze aber leider nicht angepasst.Die renommierten \u00c4rztevertretungen weisen seit langem auf einige M\u00f6glichkeiten hin, das Geb\u00fchrensystem &hellip; <\/p>\n","protected":false},"author":1,"featured_media":0,"parent":0,"menu_order":0,"comment_status":"closed","ping_status":"closed","template":"","meta":{"footnotes":""},"class_list":["post-23","page","type-page","status-publish","hentry","grid-sizer"],"yoast_head":"<!-- This site is optimized with the Yoast SEO plugin v27.5 - https:\/\/yoast.com\/product\/yoast-seo-wordpress\/ -->\n<title>- Annedore Gauer<\/title>\n<meta name=\"robots\" content=\"index, follow, max-snippet:-1, max-image-preview:large, max-video-preview:-1\" \/>\n<link rel=\"canonical\" href=\"https:\/\/annedore-gauer.de\/\" \/>\n<meta property=\"og:locale\" content=\"de_DE\" \/>\n<meta property=\"og:type\" content=\"article\" \/>\n<meta property=\"og:title\" content=\"- Annedore Gauer\" \/>\n<meta property=\"og:description\" content=\"Liebe Patientinnen und Patienten, als \u00c4rztin bin ich verpflichtet, nach der Geb\u00fchrenordnung f\u00fcr \u00c4rzte (GO\u00c4) abzurechnen.Diese stammt aus dem Jahr 1982.Seither haben sich die Kosten zur Unterhaltung meiner Praxis (L\u00f6hne, Nebenkosten, Miete, Material\u2026) mehr als verdoppelt.Die Politik hat unsere Geb\u00fchrens\u00e4tze aber leider nicht angepasst.Die renommierten \u00c4rztevertretungen weisen seit langem auf einige M\u00f6glichkeiten hin, das Geb\u00fchrensystem &hellip;\" \/>\n<meta property=\"og:url\" content=\"https:\/\/annedore-gauer.de\/\" \/>\n<meta property=\"og:site_name\" content=\"Annedore Gauer\" \/>\n<meta property=\"article:modified_time\" content=\"2026-04-12T18:24:56+00:00\" \/>\n<meta property=\"og:image\" content=\"http:\/\/annedore-gauer.de\/wp-content\/uploads\/2023\/05\/china-008-203x300.jpg\" \/>\n<meta name=\"twitter:card\" content=\"summary_large_image\" \/>\n<meta name=\"twitter:label1\" content=\"Gesch\u00e4tzte Lesezeit\" \/>\n\t<meta name=\"twitter:data1\" content=\"4\u00a0Minuten\" \/>\n<script type=\"application\/ld+json\" class=\"yoast-schema-graph\">{\"@context\":\"https:\\\/\\\/schema.org\",\"@graph\":[{\"@type\":\"WebPage\",\"@id\":\"https:\\\/\\\/annedore-gauer.de\\\/\",\"url\":\"https:\\\/\\\/annedore-gauer.de\\\/\",\"name\":\"- Annedore Gauer\",\"isPartOf\":{\"@id\":\"https:\\\/\\\/annedore-gauer.de\\\/#website\"},\"primaryImageOfPage\":{\"@id\":\"https:\\\/\\\/annedore-gauer.de\\\/#primaryimage\"},\"image\":{\"@id\":\"https:\\\/\\\/annedore-gauer.de\\\/#primaryimage\"},\"thumbnailUrl\":\"http:\\\/\\\/annedore-gauer.de\\\/wp-content\\\/uploads\\\/2023\\\/05\\\/china-008-203x300.jpg\",\"datePublished\":\"2023-02-18T12:00:25+00:00\",\"dateModified\":\"2026-04-12T18:24:56+00:00\",\"inLanguage\":\"de\",\"potentialAction\":[{\"@type\":\"ReadAction\",\"target\":[\"https:\\\/\\\/annedore-gauer.de\\\/\"]}]},{\"@type\":\"ImageObject\",\"inLanguage\":\"de\",\"@id\":\"https:\\\/\\\/annedore-gauer.de\\\/#primaryimage\",\"url\":\"http:\\\/\\\/annedore-gauer.de\\\/wp-content\\\/uploads\\\/2023\\\/05\\\/china-008-203x300.jpg\",\"contentUrl\":\"http:\\\/\\\/annedore-gauer.de\\\/wp-content\\\/uploads\\\/2023\\\/05\\\/china-008-203x300.jpg\"},{\"@type\":\"WebSite\",\"@id\":\"https:\\\/\\\/annedore-gauer.de\\\/#website\",\"url\":\"https:\\\/\\\/annedore-gauer.de\\\/\",\"name\":\"Annedore Gauer\",\"description\":\"\u00c4rztin\",\"publisher\":{\"@id\":\"https:\\\/\\\/annedore-gauer.de\\\/#organization\"},\"potentialAction\":[{\"@type\":\"SearchAction\",\"target\":{\"@type\":\"EntryPoint\",\"urlTemplate\":\"https:\\\/\\\/annedore-gauer.de\\\/?s={search_term_string}\"},\"query-input\":{\"@type\":\"PropertyValueSpecification\",\"valueRequired\":true,\"valueName\":\"search_term_string\"}}],\"inLanguage\":\"de\"},{\"@type\":\"Organization\",\"@id\":\"https:\\\/\\\/annedore-gauer.de\\\/#organization\",\"name\":\"Annedore Gauer\",\"alternateName\":\"Annedore Gauer TCM\",\"url\":\"https:\\\/\\\/annedore-gauer.de\\\/\",\"logo\":{\"@type\":\"ImageObject\",\"inLanguage\":\"de\",\"@id\":\"https:\\\/\\\/annedore-gauer.de\\\/#\\\/schema\\\/logo\\\/image\\\/\",\"url\":\"https:\\\/\\\/annedore-gauer.de\\\/wp-content\\\/uploads\\\/2023\\\/02\\\/cropped-cropped-menu_logo.png\",\"contentUrl\":\"https:\\\/\\\/annedore-gauer.de\\\/wp-content\\\/uploads\\\/2023\\\/02\\\/cropped-cropped-menu_logo.png\",\"width\":82,\"height\":200,\"caption\":\"Annedore Gauer\"},\"image\":{\"@id\":\"https:\\\/\\\/annedore-gauer.de\\\/#\\\/schema\\\/logo\\\/image\\\/\"}}]}<\/script>\n<!-- \/ Yoast SEO plugin. -->","yoast_head_json":{"title":"- Annedore Gauer","robots":{"index":"index","follow":"follow","max-snippet":"max-snippet:-1","max-image-preview":"max-image-preview:large","max-video-preview":"max-video-preview:-1"},"canonical":"https:\/\/annedore-gauer.de\/","og_locale":"de_DE","og_type":"article","og_title":"- Annedore Gauer","og_description":"Liebe Patientinnen und Patienten, als \u00c4rztin bin ich verpflichtet, nach der Geb\u00fchrenordnung f\u00fcr \u00c4rzte (GO\u00c4) abzurechnen.Diese stammt aus dem Jahr 1982.Seither haben sich die Kosten zur Unterhaltung meiner Praxis (L\u00f6hne, Nebenkosten, Miete, Material\u2026) mehr als verdoppelt.Die Politik hat unsere Geb\u00fchrens\u00e4tze aber leider nicht angepasst.Die renommierten \u00c4rztevertretungen weisen seit langem auf einige M\u00f6glichkeiten hin, das Geb\u00fchrensystem &hellip;","og_url":"https:\/\/annedore-gauer.de\/","og_site_name":"Annedore Gauer","article_modified_time":"2026-04-12T18:24:56+00:00","og_image":[{"url":"http:\/\/annedore-gauer.de\/wp-content\/uploads\/2023\/05\/china-008-203x300.jpg","type":"","width":"","height":""}],"twitter_card":"summary_large_image","twitter_misc":{"Gesch\u00e4tzte Lesezeit":"4\u00a0Minuten"},"schema":{"@context":"https:\/\/schema.org","@graph":[{"@type":"WebPage","@id":"https:\/\/annedore-gauer.de\/","url":"https:\/\/annedore-gauer.de\/","name":"- Annedore Gauer","isPartOf":{"@id":"https:\/\/annedore-gauer.de\/#website"},"primaryImageOfPage":{"@id":"https:\/\/annedore-gauer.de\/#primaryimage"},"image":{"@id":"https:\/\/annedore-gauer.de\/#primaryimage"},"thumbnailUrl":"http:\/\/annedore-gauer.de\/wp-content\/uploads\/2023\/05\/china-008-203x300.jpg","datePublished":"2023-02-18T12:00:25+00:00","dateModified":"2026-04-12T18:24:56+00:00","inLanguage":"de","potentialAction":[{"@type":"ReadAction","target":["https:\/\/annedore-gauer.de\/"]}]},{"@type":"ImageObject","inLanguage":"de","@id":"https:\/\/annedore-gauer.de\/#primaryimage","url":"http:\/\/annedore-gauer.de\/wp-content\/uploads\/2023\/05\/china-008-203x300.jpg","contentUrl":"http:\/\/annedore-gauer.de\/wp-content\/uploads\/2023\/05\/china-008-203x300.jpg"},{"@type":"WebSite","@id":"https:\/\/annedore-gauer.de\/#website","url":"https:\/\/annedore-gauer.de\/","name":"Annedore Gauer","description":"\u00c4rztin","publisher":{"@id":"https:\/\/annedore-gauer.de\/#organization"},"potentialAction":[{"@type":"SearchAction","target":{"@type":"EntryPoint","urlTemplate":"https:\/\/annedore-gauer.de\/?s={search_term_string}"},"query-input":{"@type":"PropertyValueSpecification","valueRequired":true,"valueName":"search_term_string"}}],"inLanguage":"de"},{"@type":"Organization","@id":"https:\/\/annedore-gauer.de\/#organization","name":"Annedore Gauer","alternateName":"Annedore Gauer TCM","url":"https:\/\/annedore-gauer.de\/","logo":{"@type":"ImageObject","inLanguage":"de","@id":"https:\/\/annedore-gauer.de\/#\/schema\/logo\/image\/","url":"https:\/\/annedore-gauer.de\/wp-content\/uploads\/2023\/02\/cropped-cropped-menu_logo.png","contentUrl":"https:\/\/annedore-gauer.de\/wp-content\/uploads\/2023\/02\/cropped-cropped-menu_logo.png","width":82,"height":200,"caption":"Annedore Gauer"},"image":{"@id":"https:\/\/annedore-gauer.de\/#\/schema\/logo\/image\/"}}]}},"_links":{"self":[{"href":"https:\/\/annedore-gauer.de\/index.php\/wp-json\/wp\/v2\/pages\/23","targetHints":{"allow":["GET"]}}],"collection":[{"href":"https:\/\/annedore-gauer.de\/index.php\/wp-json\/wp\/v2\/pages"}],"about":[{"href":"https:\/\/annedore-gauer.de\/index.php\/wp-json\/wp\/v2\/types\/page"}],"author":[{"embeddable":true,"href":"https:\/\/annedore-gauer.de\/index.php\/wp-json\/wp\/v2\/users\/1"}],"replies":[{"embeddable":true,"href":"https:\/\/annedore-gauer.de\/index.php\/wp-json\/wp\/v2\/comments?post=23"}],"version-history":[{"count":57,"href":"https:\/\/annedore-gauer.de\/index.php\/wp-json\/wp\/v2\/pages\/23\/revisions"}],"predecessor-version":[{"id":641,"href":"https:\/\/annedore-gauer.de\/index.php\/wp-json\/wp\/v2\/pages\/23\/revisions\/641"}],"wp:attachment":[{"href":"https:\/\/annedore-gauer.de\/index.php\/wp-json\/wp\/v2\/media?parent=23"}],"curies":[{"name":"wp","href":"https:\/\/api.w.org\/{rel}","templated":true}]}}