{"id":240,"date":"2023-02-19T20:23:16","date_gmt":"2023-02-19T19:23:16","guid":{"rendered":"https:\/\/tcm.maximilian-stieg.de\/?page_id=240"},"modified":"2024-12-07T12:44:30","modified_gmt":"2024-12-07T11:44:30","slug":"qi-gong","status":"publish","type":"page","link":"https:\/\/annedore-gauer.de\/index.php\/seminare\/qi-gong\/","title":{"rendered":"Qi Gong"},"content":{"rendered":"\n<p>&#8230; einfache \u00dcbungen zur Erhaltung und zur Verbesserung der Gesundheit.<br>Seit Anfang 2009, nach fast siebenj\u00e4hriger Ausbildung und abgelegter Pr\u00fcfung, biete ich Qi Gong Unterricht an. Mitmachen kann jeder, denn die \u00dcbungen erfordern keinerlei Vorkenntnisse oder sportliche \u00dcbung. Das Fan teng gong ist ein sehr altes \u00dcbungssystem aus der Linie der Drachentorschule. Es gilt als kuratives Qi Gong und hat sich besonders zur Verbesserung der Gesundheit auch bei schweren Erkrankungen bew\u00e4hrt. Erlernt wird es in 10 Grund\u00fcbungen, die jeweils aufeinander aufbauen und einzeln gut ge\u00fcbt werden m\u00fcssen. Dar\u00fcber hinaus gibt es zwei \u00dcbungen zur Aufnahme von Energie und zwei Reinigungs\u00fcbungen.<\/p>\n\n\n\n<p>Wenn die Teilnehmer alle 14 \u00dcbungen gut und richtig ge\u00fcbt haben, werden die einzelnen Teile zu einem Gesamtdurchgang kombiniert, der ein Leben lang praktiziert werden kann.<br>Erweitert und erg\u00e4nzt wird dieses System durch eine einfache Sitzmeditation.<\/p>\n\n\n\n<p>Termine:<br>Jeden Letzten Samstag im Monat von 10:30 Uhr bis 12:00 Uhr auf dem <a href=\"https:\/\/annedore-gauer.de\/index.php\/seminare\/veranstaltungsort\/\">Therapiehof<\/a> statt.<br>Kosten:  40,- \u20ac<\/p>\n","protected":false},"excerpt":{"rendered":"<p>&#8230; einfache \u00dcbungen zur Erhaltung und zur Verbesserung der Gesundheit.Seit Anfang 2009, nach fast siebenj\u00e4hriger Ausbildung und abgelegter Pr\u00fcfung, biete ich Qi Gong Unterricht an. Mitmachen kann jeder, denn die \u00dcbungen erfordern keinerlei Vorkenntnisse oder sportliche \u00dcbung. Das Fan teng gong ist ein sehr altes \u00dcbungssystem aus der Linie der Drachentorschule. Es gilt als kuratives &hellip; <\/p>\n","protected":false},"author":1,"featured_media":140,"parent":223,"menu_order":0,"comment_status":"closed","ping_status":"closed","template":"","meta":{"footnotes":""},"class_list":["post-240","page","type-page","status-publish","has-post-thumbnail","hentry","grid-sizer"],"yoast_head":"<!-- This site is optimized with the Yoast SEO plugin v27.4 - https:\/\/yoast.com\/product\/yoast-seo-wordpress\/ -->\n<title>Qi Gong f\u00fcr Gesundheit und innere Balance \u2013 Therapiehof Kurse<\/title>\n<meta name=\"description\" content=\"Erfahren Sie, wie Qi Gong f\u00fcr Gesundheit und innere Balance Ihre Vitalit\u00e4t steigert. Entdecken Sie einfache \u00dcbungen und Meditation auf dem Therapiehof. Jetzt Kurs buchen!\" \/>\n<meta name=\"robots\" content=\"index, follow, max-snippet:-1, max-image-preview:large, max-video-preview:-1\" \/>\n<link rel=\"canonical\" href=\"https:\/\/annedore-gauer.de\/index.php\/seminare\/qi-gong\/\" \/>\n<meta property=\"og:locale\" content=\"de_DE\" \/>\n<meta property=\"og:type\" content=\"article\" \/>\n<meta property=\"og:title\" content=\"Qi Gong f\u00fcr Gesundheit und innere Balance \u2013 Therapiehof Kurse\" \/>\n<meta property=\"og:description\" content=\"Erfahren Sie, wie Qi Gong f\u00fcr Gesundheit und innere Balance Ihre Vitalit\u00e4t steigert. Entdecken Sie einfache \u00dcbungen und Meditation auf dem Therapiehof. Jetzt Kurs buchen!\" \/>\n<meta property=\"og:url\" content=\"https:\/\/annedore-gauer.de\/index.php\/seminare\/qi-gong\/\" \/>\n<meta property=\"og:site_name\" content=\"Annedore Gauer\" \/>\n<meta property=\"article:modified_time\" content=\"2024-12-07T11:44:30+00:00\" \/>\n<meta property=\"og:image\" content=\"https:\/\/annedore-gauer.de\/wp-content\/uploads\/2023\/02\/TCM-TGT-Qi-Gung.jpg\" \/>\n\t<meta property=\"og:image:width\" content=\"1840\" \/>\n\t<meta property=\"og:image:height\" content=\"1232\" \/>\n\t<meta property=\"og:image:type\" content=\"image\/jpeg\" \/>\n<meta name=\"twitter:card\" content=\"summary_large_image\" \/>\n<meta name=\"twitter:label1\" content=\"Gesch\u00e4tzte Lesezeit\" \/>\n\t<meta name=\"twitter:data1\" content=\"2\u00a0Minuten\" \/>\n<script type=\"application\/ld+json\" class=\"yoast-schema-graph\">{\"@context\":\"https:\\\/\\\/schema.org\",\"@graph\":[{\"@type\":\"WebPage\",\"@id\":\"https:\\\/\\\/annedore-gauer.de\\\/index.php\\\/seminare\\\/qi-gong\\\/\",\"url\":\"https:\\\/\\\/annedore-gauer.de\\\/index.php\\\/seminare\\\/qi-gong\\\/\",\"name\":\"Qi Gong f\u00fcr Gesundheit und innere Balance \u2013 Therapiehof Kurse\",\"isPartOf\":{\"@id\":\"https:\\\/\\\/annedore-gauer.de\\\/#website\"},\"primaryImageOfPage\":{\"@id\":\"https:\\\/\\\/annedore-gauer.de\\\/index.php\\\/seminare\\\/qi-gong\\\/#primaryimage\"},\"image\":{\"@id\":\"https:\\\/\\\/annedore-gauer.de\\\/index.php\\\/seminare\\\/qi-gong\\\/#primaryimage\"},\"thumbnailUrl\":\"https:\\\/\\\/annedore-gauer.de\\\/wp-content\\\/uploads\\\/2023\\\/02\\\/TCM-TGT-Qi-Gung.jpg\",\"datePublished\":\"2023-02-19T19:23:16+00:00\",\"dateModified\":\"2024-12-07T11:44:30+00:00\",\"description\":\"Erfahren Sie, wie Qi Gong f\u00fcr Gesundheit und innere Balance Ihre Vitalit\u00e4t steigert. Entdecken Sie einfache \u00dcbungen und Meditation auf dem Therapiehof. Jetzt Kurs buchen!\",\"breadcrumb\":{\"@id\":\"https:\\\/\\\/annedore-gauer.de\\\/index.php\\\/seminare\\\/qi-gong\\\/#breadcrumb\"},\"inLanguage\":\"de\",\"potentialAction\":[{\"@type\":\"ReadAction\",\"target\":[\"https:\\\/\\\/annedore-gauer.de\\\/index.php\\\/seminare\\\/qi-gong\\\/\"]}]},{\"@type\":\"ImageObject\",\"inLanguage\":\"de\",\"@id\":\"https:\\\/\\\/annedore-gauer.de\\\/index.php\\\/seminare\\\/qi-gong\\\/#primaryimage\",\"url\":\"https:\\\/\\\/annedore-gauer.de\\\/wp-content\\\/uploads\\\/2023\\\/02\\\/TCM-TGT-Qi-Gung.jpg\",\"contentUrl\":\"https:\\\/\\\/annedore-gauer.de\\\/wp-content\\\/uploads\\\/2023\\\/02\\\/TCM-TGT-Qi-Gung.jpg\",\"width\":1840,\"height\":1232},{\"@type\":\"BreadcrumbList\",\"@id\":\"https:\\\/\\\/annedore-gauer.de\\\/index.php\\\/seminare\\\/qi-gong\\\/#breadcrumb\",\"itemListElement\":[{\"@type\":\"ListItem\",\"position\":1,\"name\":\"Startseite\",\"item\":\"https:\\\/\\\/annedore-gauer.de\\\/\"},{\"@type\":\"ListItem\",\"position\":2,\"name\":\"Seminare\",\"item\":\"https:\\\/\\\/annedore-gauer.de\\\/index.php\\\/seminare\\\/\"},{\"@type\":\"ListItem\",\"position\":3,\"name\":\"Qi Gong\"}]},{\"@type\":\"WebSite\",\"@id\":\"https:\\\/\\\/annedore-gauer.de\\\/#website\",\"url\":\"https:\\\/\\\/annedore-gauer.de\\\/\",\"name\":\"Annedore Gauer\",\"description\":\"\u00c4rztin\",\"publisher\":{\"@id\":\"https:\\\/\\\/annedore-gauer.de\\\/#organization\"},\"potentialAction\":[{\"@type\":\"SearchAction\",\"target\":{\"@type\":\"EntryPoint\",\"urlTemplate\":\"https:\\\/\\\/annedore-gauer.de\\\/?s={search_term_string}\"},\"query-input\":{\"@type\":\"PropertyValueSpecification\",\"valueRequired\":true,\"valueName\":\"search_term_string\"}}],\"inLanguage\":\"de\"},{\"@type\":\"Organization\",\"@id\":\"https:\\\/\\\/annedore-gauer.de\\\/#organization\",\"name\":\"Annedore Gauer\",\"alternateName\":\"Annedore Gauer TCM\",\"url\":\"https:\\\/\\\/annedore-gauer.de\\\/\",\"logo\":{\"@type\":\"ImageObject\",\"inLanguage\":\"de\",\"@id\":\"https:\\\/\\\/annedore-gauer.de\\\/#\\\/schema\\\/logo\\\/image\\\/\",\"url\":\"https:\\\/\\\/annedore-gauer.de\\\/wp-content\\\/uploads\\\/2023\\\/02\\\/cropped-cropped-menu_logo.png\",\"contentUrl\":\"https:\\\/\\\/annedore-gauer.de\\\/wp-content\\\/uploads\\\/2023\\\/02\\\/cropped-cropped-menu_logo.png\",\"width\":82,\"height\":200,\"caption\":\"Annedore Gauer\"},\"image\":{\"@id\":\"https:\\\/\\\/annedore-gauer.de\\\/#\\\/schema\\\/logo\\\/image\\\/\"}}]}<\/script>\n<!-- \/ Yoast SEO plugin. -->","yoast_head_json":{"title":"Qi Gong f\u00fcr Gesundheit und innere Balance \u2013 Therapiehof Kurse","description":"Erfahren Sie, wie Qi Gong f\u00fcr Gesundheit und innere Balance Ihre Vitalit\u00e4t steigert. Entdecken Sie einfache \u00dcbungen und Meditation auf dem Therapiehof. Jetzt Kurs buchen!","robots":{"index":"index","follow":"follow","max-snippet":"max-snippet:-1","max-image-preview":"max-image-preview:large","max-video-preview":"max-video-preview:-1"},"canonical":"https:\/\/annedore-gauer.de\/index.php\/seminare\/qi-gong\/","og_locale":"de_DE","og_type":"article","og_title":"Qi Gong f\u00fcr Gesundheit und innere Balance \u2013 Therapiehof Kurse","og_description":"Erfahren Sie, wie Qi Gong f\u00fcr Gesundheit und innere Balance Ihre Vitalit\u00e4t steigert. Entdecken Sie einfache \u00dcbungen und Meditation auf dem Therapiehof. Jetzt Kurs buchen!","og_url":"https:\/\/annedore-gauer.de\/index.php\/seminare\/qi-gong\/","og_site_name":"Annedore Gauer","article_modified_time":"2024-12-07T11:44:30+00:00","og_image":[{"width":1840,"height":1232,"url":"https:\/\/annedore-gauer.de\/wp-content\/uploads\/2023\/02\/TCM-TGT-Qi-Gung.jpg","type":"image\/jpeg"}],"twitter_card":"summary_large_image","twitter_misc":{"Gesch\u00e4tzte Lesezeit":"2\u00a0Minuten"},"schema":{"@context":"https:\/\/schema.org","@graph":[{"@type":"WebPage","@id":"https:\/\/annedore-gauer.de\/index.php\/seminare\/qi-gong\/","url":"https:\/\/annedore-gauer.de\/index.php\/seminare\/qi-gong\/","name":"Qi Gong f\u00fcr Gesundheit und innere Balance \u2013 Therapiehof Kurse","isPartOf":{"@id":"https:\/\/annedore-gauer.de\/#website"},"primaryImageOfPage":{"@id":"https:\/\/annedore-gauer.de\/index.php\/seminare\/qi-gong\/#primaryimage"},"image":{"@id":"https:\/\/annedore-gauer.de\/index.php\/seminare\/qi-gong\/#primaryimage"},"thumbnailUrl":"https:\/\/annedore-gauer.de\/wp-content\/uploads\/2023\/02\/TCM-TGT-Qi-Gung.jpg","datePublished":"2023-02-19T19:23:16+00:00","dateModified":"2024-12-07T11:44:30+00:00","description":"Erfahren Sie, wie Qi Gong f\u00fcr Gesundheit und innere Balance Ihre Vitalit\u00e4t steigert. Entdecken Sie einfache \u00dcbungen und Meditation auf dem Therapiehof. Jetzt Kurs buchen!","breadcrumb":{"@id":"https:\/\/annedore-gauer.de\/index.php\/seminare\/qi-gong\/#breadcrumb"},"inLanguage":"de","potentialAction":[{"@type":"ReadAction","target":["https:\/\/annedore-gauer.de\/index.php\/seminare\/qi-gong\/"]}]},{"@type":"ImageObject","inLanguage":"de","@id":"https:\/\/annedore-gauer.de\/index.php\/seminare\/qi-gong\/#primaryimage","url":"https:\/\/annedore-gauer.de\/wp-content\/uploads\/2023\/02\/TCM-TGT-Qi-Gung.jpg","contentUrl":"https:\/\/annedore-gauer.de\/wp-content\/uploads\/2023\/02\/TCM-TGT-Qi-Gung.jpg","width":1840,"height":1232},{"@type":"BreadcrumbList","@id":"https:\/\/annedore-gauer.de\/index.php\/seminare\/qi-gong\/#breadcrumb","itemListElement":[{"@type":"ListItem","position":1,"name":"Startseite","item":"https:\/\/annedore-gauer.de\/"},{"@type":"ListItem","position":2,"name":"Seminare","item":"https:\/\/annedore-gauer.de\/index.php\/seminare\/"},{"@type":"ListItem","position":3,"name":"Qi Gong"}]},{"@type":"WebSite","@id":"https:\/\/annedore-gauer.de\/#website","url":"https:\/\/annedore-gauer.de\/","name":"Annedore Gauer","description":"\u00c4rztin","publisher":{"@id":"https:\/\/annedore-gauer.de\/#organization"},"potentialAction":[{"@type":"SearchAction","target":{"@type":"EntryPoint","urlTemplate":"https:\/\/annedore-gauer.de\/?s={search_term_string}"},"query-input":{"@type":"PropertyValueSpecification","valueRequired":true,"valueName":"search_term_string"}}],"inLanguage":"de"},{"@type":"Organization","@id":"https:\/\/annedore-gauer.de\/#organization","name":"Annedore Gauer","alternateName":"Annedore Gauer TCM","url":"https:\/\/annedore-gauer.de\/","logo":{"@type":"ImageObject","inLanguage":"de","@id":"https:\/\/annedore-gauer.de\/#\/schema\/logo\/image\/","url":"https:\/\/annedore-gauer.de\/wp-content\/uploads\/2023\/02\/cropped-cropped-menu_logo.png","contentUrl":"https:\/\/annedore-gauer.de\/wp-content\/uploads\/2023\/02\/cropped-cropped-menu_logo.png","width":82,"height":200,"caption":"Annedore Gauer"},"image":{"@id":"https:\/\/annedore-gauer.de\/#\/schema\/logo\/image\/"}}]}},"_links":{"self":[{"href":"https:\/\/annedore-gauer.de\/index.php\/wp-json\/wp\/v2\/pages\/240","targetHints":{"allow":["GET"]}}],"collection":[{"href":"https:\/\/annedore-gauer.de\/index.php\/wp-json\/wp\/v2\/pages"}],"about":[{"href":"https:\/\/annedore-gauer.de\/index.php\/wp-json\/wp\/v2\/types\/page"}],"author":[{"embeddable":true,"href":"https:\/\/annedore-gauer.de\/index.php\/wp-json\/wp\/v2\/users\/1"}],"replies":[{"embeddable":true,"href":"https:\/\/annedore-gauer.de\/index.php\/wp-json\/wp\/v2\/comments?post=240"}],"version-history":[{"count":8,"href":"https:\/\/annedore-gauer.de\/index.php\/wp-json\/wp\/v2\/pages\/240\/revisions"}],"predecessor-version":[{"id":584,"href":"https:\/\/annedore-gauer.de\/index.php\/wp-json\/wp\/v2\/pages\/240\/revisions\/584"}],"up":[{"embeddable":true,"href":"https:\/\/annedore-gauer.de\/index.php\/wp-json\/wp\/v2\/pages\/223"}],"wp:featuredmedia":[{"embeddable":true,"href":"https:\/\/annedore-gauer.de\/index.php\/wp-json\/wp\/v2\/media\/140"}],"wp:attachment":[{"href":"https:\/\/annedore-gauer.de\/index.php\/wp-json\/wp\/v2\/media?parent=240"}],"curies":[{"name":"wp","href":"https:\/\/api.w.org\/{rel}","templated":true}]}}