{"id":242,"date":"2023-02-19T20:25:04","date_gmt":"2023-02-19T19:25:04","guid":{"rendered":"https:\/\/tcm.maximilian-stieg.de\/?page_id=242"},"modified":"2023-05-18T16:26:32","modified_gmt":"2023-05-18T14:26:32","slug":"wechseljahre","status":"publish","type":"page","link":"https:\/\/annedore-gauer.de\/index.php\/seminare\/wechseljahre\/","title":{"rendered":"Wechseljahre"},"content":{"rendered":"\n<h3 class=\"wp-block-heading\">Da haben sexuelle Aufkl\u00e4rung und Frauenbewegung wenig ge\u00e4ndert.<\/h3>\n\n\n<div class=\"wp-block-image is-style-rounded\">\n<figure class=\"alignleft size-large is-resized\"><img loading=\"lazy\" decoding=\"async\" src=\"https:\/\/annedore-gauer.de\/wp-content\/uploads\/2023\/05\/F1000024-5-686x1024.jpg\" alt=\"\" class=\"wp-image-472\" width=\"172\" height=\"256\" srcset=\"https:\/\/annedore-gauer.de\/wp-content\/uploads\/2023\/05\/F1000024-5-686x1024.jpg 686w, https:\/\/annedore-gauer.de\/wp-content\/uploads\/2023\/05\/F1000024-5-201x300.jpg 201w, https:\/\/annedore-gauer.de\/wp-content\/uploads\/2023\/05\/F1000024-5-768x1147.jpg 768w, https:\/\/annedore-gauer.de\/wp-content\/uploads\/2023\/05\/F1000024-5-1028x1536.jpg 1028w, https:\/\/annedore-gauer.de\/wp-content\/uploads\/2023\/05\/F1000024-5-40x60.jpg 40w, https:\/\/annedore-gauer.de\/wp-content\/uploads\/2023\/05\/F1000024-5.jpg 1232w\" sizes=\"auto, (max-width: 172px) 100vw, 172px\" \/><\/figure>\n<\/div>\n\n\n<p>Die Wechseljahre sind noch immer gef\u00fcrchtet, verschwiegen und (inzwischen) vermarktet.<br>Frauen, die rund werden, schwitzen, depressiv oder launisch sind, entsprechen nicht mehr dem (eigenen) Idealbild.<br>Folglich werden die Symptome mithilfe der Pharmaindustrie, der plastischen Chirurgie und mit viel Selbstbetrug zu einem hohen Preis verdr\u00e4ngt.<br>Dass die hormonelle Umstellung des weiblichen K\u00f6rpers einen Sinn hat, ja sogar eine gro\u00dfe Chance beinhaltet, ist vielen Frauen nie klargemacht worden.<br>Von wem auch? Wenn nicht von Frauen selbst\u2026<\/p>\n\n\n\n<h3 class=\"wp-block-heading\">Wir reden \u00fcber diese wichtige Zeit im Frauenleben.<\/h3>\n\n\n\n<p>Es wird \u00fcber die Vorg\u00e4nge im Frauenk\u00f6rper ausf\u00fchrlich informiert sowohl schulmedizinisch als auch nach Chinesischer Medizin.<br>Ern\u00e4hrung, Lebensf\u00fchrung und Pflege sind genauso Thema wie die l\u00e4stigen Symptome, ihre Bedeutung und Ihre Therapie.<br>Es wird Hormonersatz diskutiert, aufgekl\u00e4rt und die Alternativen vorgestellt.<br>Wenn gew\u00fcnscht, findet an einem Folgetermin ein Erfahrungsaustausch in offener, freundlicher Atmosph\u00e4re und die Kl\u00e4rung noch offener Fragen statt.<\/p>\n\n\n\n<p>F\u00fcr weitere Informationen oder eine Voranmeldung rufen Sie uns bitte an:<br><a href=\"tel:05114584303\">0511 4584303<\/a> oder senden Sie uns eine E-Mail <a href=\"mailto:Info@Annedore-Gauer.de\">Info@Annedore-Gauer.de<\/a> oder nutzen unser <a href=\"https:\/\/annedore-gauer.de\/index.php\/kontakt\/\" target=\"_blank\" rel=\"noreferrer noopener\">Kontaktformular<\/a>.<\/p>\n","protected":false},"excerpt":{"rendered":"<p>Da haben sexuelle Aufkl\u00e4rung und Frauenbewegung wenig ge\u00e4ndert. Die Wechseljahre sind noch immer gef\u00fcrchtet, verschwiegen und (inzwischen) vermarktet.Frauen, die rund werden, schwitzen, depressiv oder launisch sind, entsprechen nicht mehr dem (eigenen) Idealbild.Folglich werden die Symptome mithilfe der Pharmaindustrie, der plastischen Chirurgie und mit viel Selbstbetrug zu einem hohen Preis verdr\u00e4ngt.Dass die hormonelle Umstellung des weiblichen &hellip; <\/p>\n","protected":false},"author":1,"featured_media":0,"parent":223,"menu_order":0,"comment_status":"closed","ping_status":"closed","template":"","meta":{"footnotes":""},"class_list":["post-242","page","type-page","status-publish","hentry","grid-sizer"],"yoast_head":"<!-- This site is optimized with the Yoast SEO plugin v27.4 - https:\/\/yoast.com\/product\/yoast-seo-wordpress\/ -->\n<title>Wechseljahre - Annedore Gauer<\/title>\n<meta name=\"robots\" content=\"index, follow, max-snippet:-1, max-image-preview:large, max-video-preview:-1\" \/>\n<link rel=\"canonical\" href=\"https:\/\/annedore-gauer.de\/index.php\/seminare\/wechseljahre\/\" \/>\n<meta property=\"og:locale\" content=\"de_DE\" \/>\n<meta property=\"og:type\" content=\"article\" \/>\n<meta property=\"og:title\" content=\"Wechseljahre - Annedore Gauer\" \/>\n<meta property=\"og:description\" content=\"Da haben sexuelle Aufkl\u00e4rung und Frauenbewegung wenig ge\u00e4ndert. Die Wechseljahre sind noch immer gef\u00fcrchtet, verschwiegen und (inzwischen) vermarktet.Frauen, die rund werden, schwitzen, depressiv oder launisch sind, entsprechen nicht mehr dem (eigenen) Idealbild.Folglich werden die Symptome mithilfe der Pharmaindustrie, der plastischen Chirurgie und mit viel Selbstbetrug zu einem hohen Preis verdr\u00e4ngt.Dass die hormonelle Umstellung des weiblichen &hellip;\" \/>\n<meta property=\"og:url\" content=\"https:\/\/annedore-gauer.de\/index.php\/seminare\/wechseljahre\/\" \/>\n<meta property=\"og:site_name\" content=\"Annedore Gauer\" \/>\n<meta property=\"article:modified_time\" content=\"2023-05-18T14:26:32+00:00\" \/>\n<meta property=\"og:image\" content=\"http:\/\/annedore-gauer.de\/wp-content\/uploads\/2023\/05\/F1000024-5-686x1024.jpg\" \/>\n<meta name=\"twitter:card\" content=\"summary_large_image\" \/>\n<meta name=\"twitter:label1\" content=\"Gesch\u00e4tzte Lesezeit\" \/>\n\t<meta name=\"twitter:data1\" content=\"1\u00a0Minute\" \/>\n<script type=\"application\/ld+json\" class=\"yoast-schema-graph\">{\"@context\":\"https:\\\/\\\/schema.org\",\"@graph\":[{\"@type\":\"WebPage\",\"@id\":\"https:\\\/\\\/annedore-gauer.de\\\/index.php\\\/seminare\\\/wechseljahre\\\/\",\"url\":\"https:\\\/\\\/annedore-gauer.de\\\/index.php\\\/seminare\\\/wechseljahre\\\/\",\"name\":\"Wechseljahre - Annedore Gauer\",\"isPartOf\":{\"@id\":\"https:\\\/\\\/annedore-gauer.de\\\/#website\"},\"primaryImageOfPage\":{\"@id\":\"https:\\\/\\\/annedore-gauer.de\\\/index.php\\\/seminare\\\/wechseljahre\\\/#primaryimage\"},\"image\":{\"@id\":\"https:\\\/\\\/annedore-gauer.de\\\/index.php\\\/seminare\\\/wechseljahre\\\/#primaryimage\"},\"thumbnailUrl\":\"http:\\\/\\\/annedore-gauer.de\\\/wp-content\\\/uploads\\\/2023\\\/05\\\/F1000024-5-686x1024.jpg\",\"datePublished\":\"2023-02-19T19:25:04+00:00\",\"dateModified\":\"2023-05-18T14:26:32+00:00\",\"breadcrumb\":{\"@id\":\"https:\\\/\\\/annedore-gauer.de\\\/index.php\\\/seminare\\\/wechseljahre\\\/#breadcrumb\"},\"inLanguage\":\"de\",\"potentialAction\":[{\"@type\":\"ReadAction\",\"target\":[\"https:\\\/\\\/annedore-gauer.de\\\/index.php\\\/seminare\\\/wechseljahre\\\/\"]}]},{\"@type\":\"ImageObject\",\"inLanguage\":\"de\",\"@id\":\"https:\\\/\\\/annedore-gauer.de\\\/index.php\\\/seminare\\\/wechseljahre\\\/#primaryimage\",\"url\":\"http:\\\/\\\/annedore-gauer.de\\\/wp-content\\\/uploads\\\/2023\\\/05\\\/F1000024-5-686x1024.jpg\",\"contentUrl\":\"http:\\\/\\\/annedore-gauer.de\\\/wp-content\\\/uploads\\\/2023\\\/05\\\/F1000024-5-686x1024.jpg\"},{\"@type\":\"BreadcrumbList\",\"@id\":\"https:\\\/\\\/annedore-gauer.de\\\/index.php\\\/seminare\\\/wechseljahre\\\/#breadcrumb\",\"itemListElement\":[{\"@type\":\"ListItem\",\"position\":1,\"name\":\"Startseite\",\"item\":\"https:\\\/\\\/annedore-gauer.de\\\/\"},{\"@type\":\"ListItem\",\"position\":2,\"name\":\"Seminare\",\"item\":\"https:\\\/\\\/annedore-gauer.de\\\/index.php\\\/seminare\\\/\"},{\"@type\":\"ListItem\",\"position\":3,\"name\":\"Wechseljahre\"}]},{\"@type\":\"WebSite\",\"@id\":\"https:\\\/\\\/annedore-gauer.de\\\/#website\",\"url\":\"https:\\\/\\\/annedore-gauer.de\\\/\",\"name\":\"Annedore Gauer\",\"description\":\"\u00c4rztin\",\"publisher\":{\"@id\":\"https:\\\/\\\/annedore-gauer.de\\\/#organization\"},\"potentialAction\":[{\"@type\":\"SearchAction\",\"target\":{\"@type\":\"EntryPoint\",\"urlTemplate\":\"https:\\\/\\\/annedore-gauer.de\\\/?s={search_term_string}\"},\"query-input\":{\"@type\":\"PropertyValueSpecification\",\"valueRequired\":true,\"valueName\":\"search_term_string\"}}],\"inLanguage\":\"de\"},{\"@type\":\"Organization\",\"@id\":\"https:\\\/\\\/annedore-gauer.de\\\/#organization\",\"name\":\"Annedore Gauer\",\"alternateName\":\"Annedore Gauer TCM\",\"url\":\"https:\\\/\\\/annedore-gauer.de\\\/\",\"logo\":{\"@type\":\"ImageObject\",\"inLanguage\":\"de\",\"@id\":\"https:\\\/\\\/annedore-gauer.de\\\/#\\\/schema\\\/logo\\\/image\\\/\",\"url\":\"https:\\\/\\\/annedore-gauer.de\\\/wp-content\\\/uploads\\\/2023\\\/02\\\/cropped-cropped-menu_logo.png\",\"contentUrl\":\"https:\\\/\\\/annedore-gauer.de\\\/wp-content\\\/uploads\\\/2023\\\/02\\\/cropped-cropped-menu_logo.png\",\"width\":82,\"height\":200,\"caption\":\"Annedore Gauer\"},\"image\":{\"@id\":\"https:\\\/\\\/annedore-gauer.de\\\/#\\\/schema\\\/logo\\\/image\\\/\"}}]}<\/script>\n<!-- \/ Yoast SEO plugin. -->","yoast_head_json":{"title":"Wechseljahre - Annedore Gauer","robots":{"index":"index","follow":"follow","max-snippet":"max-snippet:-1","max-image-preview":"max-image-preview:large","max-video-preview":"max-video-preview:-1"},"canonical":"https:\/\/annedore-gauer.de\/index.php\/seminare\/wechseljahre\/","og_locale":"de_DE","og_type":"article","og_title":"Wechseljahre - Annedore Gauer","og_description":"Da haben sexuelle Aufkl\u00e4rung und Frauenbewegung wenig ge\u00e4ndert. Die Wechseljahre sind noch immer gef\u00fcrchtet, verschwiegen und (inzwischen) vermarktet.Frauen, die rund werden, schwitzen, depressiv oder launisch sind, entsprechen nicht mehr dem (eigenen) Idealbild.Folglich werden die Symptome mithilfe der Pharmaindustrie, der plastischen Chirurgie und mit viel Selbstbetrug zu einem hohen Preis verdr\u00e4ngt.Dass die hormonelle Umstellung des weiblichen &hellip;","og_url":"https:\/\/annedore-gauer.de\/index.php\/seminare\/wechseljahre\/","og_site_name":"Annedore Gauer","article_modified_time":"2023-05-18T14:26:32+00:00","og_image":[{"url":"http:\/\/annedore-gauer.de\/wp-content\/uploads\/2023\/05\/F1000024-5-686x1024.jpg","type":"","width":"","height":""}],"twitter_card":"summary_large_image","twitter_misc":{"Gesch\u00e4tzte Lesezeit":"1\u00a0Minute"},"schema":{"@context":"https:\/\/schema.org","@graph":[{"@type":"WebPage","@id":"https:\/\/annedore-gauer.de\/index.php\/seminare\/wechseljahre\/","url":"https:\/\/annedore-gauer.de\/index.php\/seminare\/wechseljahre\/","name":"Wechseljahre - Annedore Gauer","isPartOf":{"@id":"https:\/\/annedore-gauer.de\/#website"},"primaryImageOfPage":{"@id":"https:\/\/annedore-gauer.de\/index.php\/seminare\/wechseljahre\/#primaryimage"},"image":{"@id":"https:\/\/annedore-gauer.de\/index.php\/seminare\/wechseljahre\/#primaryimage"},"thumbnailUrl":"http:\/\/annedore-gauer.de\/wp-content\/uploads\/2023\/05\/F1000024-5-686x1024.jpg","datePublished":"2023-02-19T19:25:04+00:00","dateModified":"2023-05-18T14:26:32+00:00","breadcrumb":{"@id":"https:\/\/annedore-gauer.de\/index.php\/seminare\/wechseljahre\/#breadcrumb"},"inLanguage":"de","potentialAction":[{"@type":"ReadAction","target":["https:\/\/annedore-gauer.de\/index.php\/seminare\/wechseljahre\/"]}]},{"@type":"ImageObject","inLanguage":"de","@id":"https:\/\/annedore-gauer.de\/index.php\/seminare\/wechseljahre\/#primaryimage","url":"http:\/\/annedore-gauer.de\/wp-content\/uploads\/2023\/05\/F1000024-5-686x1024.jpg","contentUrl":"http:\/\/annedore-gauer.de\/wp-content\/uploads\/2023\/05\/F1000024-5-686x1024.jpg"},{"@type":"BreadcrumbList","@id":"https:\/\/annedore-gauer.de\/index.php\/seminare\/wechseljahre\/#breadcrumb","itemListElement":[{"@type":"ListItem","position":1,"name":"Startseite","item":"https:\/\/annedore-gauer.de\/"},{"@type":"ListItem","position":2,"name":"Seminare","item":"https:\/\/annedore-gauer.de\/index.php\/seminare\/"},{"@type":"ListItem","position":3,"name":"Wechseljahre"}]},{"@type":"WebSite","@id":"https:\/\/annedore-gauer.de\/#website","url":"https:\/\/annedore-gauer.de\/","name":"Annedore Gauer","description":"\u00c4rztin","publisher":{"@id":"https:\/\/annedore-gauer.de\/#organization"},"potentialAction":[{"@type":"SearchAction","target":{"@type":"EntryPoint","urlTemplate":"https:\/\/annedore-gauer.de\/?s={search_term_string}"},"query-input":{"@type":"PropertyValueSpecification","valueRequired":true,"valueName":"search_term_string"}}],"inLanguage":"de"},{"@type":"Organization","@id":"https:\/\/annedore-gauer.de\/#organization","name":"Annedore Gauer","alternateName":"Annedore Gauer TCM","url":"https:\/\/annedore-gauer.de\/","logo":{"@type":"ImageObject","inLanguage":"de","@id":"https:\/\/annedore-gauer.de\/#\/schema\/logo\/image\/","url":"https:\/\/annedore-gauer.de\/wp-content\/uploads\/2023\/02\/cropped-cropped-menu_logo.png","contentUrl":"https:\/\/annedore-gauer.de\/wp-content\/uploads\/2023\/02\/cropped-cropped-menu_logo.png","width":82,"height":200,"caption":"Annedore Gauer"},"image":{"@id":"https:\/\/annedore-gauer.de\/#\/schema\/logo\/image\/"}}]}},"_links":{"self":[{"href":"https:\/\/annedore-gauer.de\/index.php\/wp-json\/wp\/v2\/pages\/242","targetHints":{"allow":["GET"]}}],"collection":[{"href":"https:\/\/annedore-gauer.de\/index.php\/wp-json\/wp\/v2\/pages"}],"about":[{"href":"https:\/\/annedore-gauer.de\/index.php\/wp-json\/wp\/v2\/types\/page"}],"author":[{"embeddable":true,"href":"https:\/\/annedore-gauer.de\/index.php\/wp-json\/wp\/v2\/users\/1"}],"replies":[{"embeddable":true,"href":"https:\/\/annedore-gauer.de\/index.php\/wp-json\/wp\/v2\/comments?post=242"}],"version-history":[{"count":7,"href":"https:\/\/annedore-gauer.de\/index.php\/wp-json\/wp\/v2\/pages\/242\/revisions"}],"predecessor-version":[{"id":478,"href":"https:\/\/annedore-gauer.de\/index.php\/wp-json\/wp\/v2\/pages\/242\/revisions\/478"}],"up":[{"embeddable":true,"href":"https:\/\/annedore-gauer.de\/index.php\/wp-json\/wp\/v2\/pages\/223"}],"wp:attachment":[{"href":"https:\/\/annedore-gauer.de\/index.php\/wp-json\/wp\/v2\/media?parent=242"}],"curies":[{"name":"wp","href":"https:\/\/api.w.org\/{rel}","templated":true}]}}