{"id":265,"date":"2023-02-19T20:48:23","date_gmt":"2023-02-19T19:48:23","guid":{"rendered":"https:\/\/tcm.maximilian-stieg.de\/?page_id=265"},"modified":"2024-10-11T17:14:29","modified_gmt":"2024-10-11T15:14:29","slug":"impressum","status":"publish","type":"page","link":"https:\/\/annedore-gauer.de\/index.php\/impressum\/","title":{"rendered":"Impressum"},"content":{"rendered":"\n<p>Angaben gem\u00e4\u00df \u00a7 5 DDG<\/p>\n\n\n\n<p>Annedore Gauer<br>\u00c4rztin<br>Lichtenbergplatz 6<br>30449 Hannover<\/p>\n\n\n\n<p>Kontakt<\/p>\n\n\n\n<p>Telefon: +49 511 4584303<br>Telefax: +49 511 4584325<\/p>\n\n\n\n<p>E-Mail: Info@Annedore-Gauer.de<\/p>\n\n\n\n<p>Zust\u00e4ndige Kammer<\/p>\n\n\n\n<p>Landes\u00e4rztekammer Niedersachsen<br>Berliner Allee 20, 30175 Hannover<\/p>\n\n\n\n<p>Berufsbezeichnung und berufsrechtliche Regelungen<\/p>\n\n\n\n<p>Berufsbezeichnung: \u00c4rztin<br>Zust\u00e4ndige Kammer: Landes\u00e4rztekammer Niedersachsen<br>Verliehen durch: Bundesrepublik Deutschland<br>Es gelten folgende berufsrechtliche Regelungen: Berufsordnung der \u00c4rztekammer Niedersachsen<br>Regelungen einsehbar unter: <a href=\"https:\/\/www.aekn.de\/fileadmin\/media\/Downloadcenter\/Amtliche_Bekanntmachungen\/4_Berufsordnung_der_AErztekammer_Niedersachsen\/BO_komplett_01_06_2018.pdf\" target=\"_blank\" rel=\"noreferrer noopener\">https:\/\/www.aekn.de\/fileadmin\/media\/Downloadcenter\/Amtliche_Bekanntmachungen\/4_Berufsordnung_der_AErztekammer_Niedersachsen\/BO_komplett_01_06_2018.pdf<\/a><\/p>\n\n\n\n<p>Angaben zur Berufshaftpflichtversicherung<\/p>\n\n\n\n<h3 class=\"wp-block-heading\"><strong>Name und Sitz des Versicherers:<\/strong><\/h3>\n\n\n\n<p>Janitos Versicherung AG<br>Im Breitspiel 2-4<br>69126 Heidelberg<\/p>\n\n\n\n<h3 class=\"wp-block-heading\"><strong>Geltungsraum der Versicherung:<\/strong><\/h3>\n\n\n\n<p>Niedersachsen<\/p>\n\n\n\n<p>Wir sind nicht bereit oder verpflichtet, an Streitbeilegungsverfahren vor einer Verbraucherschlichtungsstelle teilzunehmen.<\/p>\n\n\n\n<h3 class=\"wp-block-heading\">Bildnachweis:<\/h3>\n\n\n\n<p>E. Adam<br>S. Kath\u00f6ver<br>A.Gauer<\/p>\n","protected":false},"excerpt":{"rendered":"<p>Angaben gem\u00e4\u00df \u00a7 5 DDG Annedore Gauer\u00c4rztinLichtenbergplatz 630449 Hannover Kontakt Telefon: +49 511 4584303Telefax: +49 511 4584325 E-Mail: Info@Annedore-Gauer.de Zust\u00e4ndige Kammer Landes\u00e4rztekammer NiedersachsenBerliner Allee 20, 30175 Hannover Berufsbezeichnung und berufsrechtliche Regelungen Berufsbezeichnung: \u00c4rztinZust\u00e4ndige Kammer: Landes\u00e4rztekammer NiedersachsenVerliehen durch: Bundesrepublik DeutschlandEs gelten folgende berufsrechtliche Regelungen: Berufsordnung der \u00c4rztekammer NiedersachsenRegelungen einsehbar unter: https:\/\/www.aekn.de\/fileadmin\/media\/Downloadcenter\/Amtliche_Bekanntmachungen\/4_Berufsordnung_der_AErztekammer_Niedersachsen\/BO_komplett_01_06_2018.pdf Angaben zur Berufshaftpflichtversicherung Name und &hellip; <\/p>\n","protected":false},"author":1,"featured_media":0,"parent":0,"menu_order":0,"comment_status":"closed","ping_status":"closed","template":"","meta":{"footnotes":""},"class_list":["post-265","page","type-page","status-publish","hentry","grid-sizer"],"yoast_head":"<!-- This site is optimized with the Yoast SEO plugin v27.4 - https:\/\/yoast.com\/product\/yoast-seo-wordpress\/ -->\n<title>Impressum - Annedore Gauer<\/title>\n<meta name=\"robots\" content=\"index, follow, max-snippet:-1, max-image-preview:large, max-video-preview:-1\" \/>\n<link rel=\"canonical\" href=\"https:\/\/annedore-gauer.de\/index.php\/impressum\/\" \/>\n<meta property=\"og:locale\" content=\"de_DE\" \/>\n<meta property=\"og:type\" content=\"article\" \/>\n<meta property=\"og:title\" content=\"Impressum - Annedore Gauer\" \/>\n<meta property=\"og:description\" content=\"Angaben gem\u00e4\u00df \u00a7 5 DDG Annedore Gauer\u00c4rztinLichtenbergplatz 630449 Hannover Kontakt Telefon: +49 511 4584303Telefax: +49 511 4584325 E-Mail: Info@Annedore-Gauer.de Zust\u00e4ndige Kammer Landes\u00e4rztekammer NiedersachsenBerliner Allee 20, 30175 Hannover Berufsbezeichnung und berufsrechtliche Regelungen Berufsbezeichnung: \u00c4rztinZust\u00e4ndige Kammer: Landes\u00e4rztekammer NiedersachsenVerliehen durch: Bundesrepublik DeutschlandEs gelten folgende berufsrechtliche Regelungen: Berufsordnung der \u00c4rztekammer NiedersachsenRegelungen einsehbar unter: https:\/\/www.aekn.de\/fileadmin\/media\/Downloadcenter\/Amtliche_Bekanntmachungen\/4_Berufsordnung_der_AErztekammer_Niedersachsen\/BO_komplett_01_06_2018.pdf Angaben zur Berufshaftpflichtversicherung Name und &hellip;\" \/>\n<meta property=\"og:url\" content=\"https:\/\/annedore-gauer.de\/index.php\/impressum\/\" \/>\n<meta property=\"og:site_name\" content=\"Annedore Gauer\" \/>\n<meta property=\"article:modified_time\" content=\"2024-10-11T15:14:29+00:00\" \/>\n<meta name=\"twitter:card\" content=\"summary_large_image\" \/>\n<meta name=\"twitter:label1\" content=\"Gesch\u00e4tzte Lesezeit\" \/>\n\t<meta name=\"twitter:data1\" content=\"1\u00a0Minute\" \/>\n<script type=\"application\/ld+json\" class=\"yoast-schema-graph\">{\"@context\":\"https:\\\/\\\/schema.org\",\"@graph\":[{\"@type\":\"WebPage\",\"@id\":\"https:\\\/\\\/annedore-gauer.de\\\/index.php\\\/impressum\\\/\",\"url\":\"https:\\\/\\\/annedore-gauer.de\\\/index.php\\\/impressum\\\/\",\"name\":\"Impressum - Annedore Gauer\",\"isPartOf\":{\"@id\":\"https:\\\/\\\/annedore-gauer.de\\\/#website\"},\"datePublished\":\"2023-02-19T19:48:23+00:00\",\"dateModified\":\"2024-10-11T15:14:29+00:00\",\"breadcrumb\":{\"@id\":\"https:\\\/\\\/annedore-gauer.de\\\/index.php\\\/impressum\\\/#breadcrumb\"},\"inLanguage\":\"de\",\"potentialAction\":[{\"@type\":\"ReadAction\",\"target\":[\"https:\\\/\\\/annedore-gauer.de\\\/index.php\\\/impressum\\\/\"]}]},{\"@type\":\"BreadcrumbList\",\"@id\":\"https:\\\/\\\/annedore-gauer.de\\\/index.php\\\/impressum\\\/#breadcrumb\",\"itemListElement\":[{\"@type\":\"ListItem\",\"position\":1,\"name\":\"Startseite\",\"item\":\"https:\\\/\\\/annedore-gauer.de\\\/\"},{\"@type\":\"ListItem\",\"position\":2,\"name\":\"Impressum\"}]},{\"@type\":\"WebSite\",\"@id\":\"https:\\\/\\\/annedore-gauer.de\\\/#website\",\"url\":\"https:\\\/\\\/annedore-gauer.de\\\/\",\"name\":\"Annedore Gauer\",\"description\":\"\u00c4rztin\",\"publisher\":{\"@id\":\"https:\\\/\\\/annedore-gauer.de\\\/#organization\"},\"potentialAction\":[{\"@type\":\"SearchAction\",\"target\":{\"@type\":\"EntryPoint\",\"urlTemplate\":\"https:\\\/\\\/annedore-gauer.de\\\/?s={search_term_string}\"},\"query-input\":{\"@type\":\"PropertyValueSpecification\",\"valueRequired\":true,\"valueName\":\"search_term_string\"}}],\"inLanguage\":\"de\"},{\"@type\":\"Organization\",\"@id\":\"https:\\\/\\\/annedore-gauer.de\\\/#organization\",\"name\":\"Annedore Gauer\",\"alternateName\":\"Annedore Gauer TCM\",\"url\":\"https:\\\/\\\/annedore-gauer.de\\\/\",\"logo\":{\"@type\":\"ImageObject\",\"inLanguage\":\"de\",\"@id\":\"https:\\\/\\\/annedore-gauer.de\\\/#\\\/schema\\\/logo\\\/image\\\/\",\"url\":\"https:\\\/\\\/annedore-gauer.de\\\/wp-content\\\/uploads\\\/2023\\\/02\\\/cropped-cropped-menu_logo.png\",\"contentUrl\":\"https:\\\/\\\/annedore-gauer.de\\\/wp-content\\\/uploads\\\/2023\\\/02\\\/cropped-cropped-menu_logo.png\",\"width\":82,\"height\":200,\"caption\":\"Annedore Gauer\"},\"image\":{\"@id\":\"https:\\\/\\\/annedore-gauer.de\\\/#\\\/schema\\\/logo\\\/image\\\/\"}}]}<\/script>\n<!-- \/ Yoast SEO plugin. -->","yoast_head_json":{"title":"Impressum - Annedore Gauer","robots":{"index":"index","follow":"follow","max-snippet":"max-snippet:-1","max-image-preview":"max-image-preview:large","max-video-preview":"max-video-preview:-1"},"canonical":"https:\/\/annedore-gauer.de\/index.php\/impressum\/","og_locale":"de_DE","og_type":"article","og_title":"Impressum - Annedore Gauer","og_description":"Angaben gem\u00e4\u00df \u00a7 5 DDG Annedore Gauer\u00c4rztinLichtenbergplatz 630449 Hannover Kontakt Telefon: +49 511 4584303Telefax: +49 511 4584325 E-Mail: Info@Annedore-Gauer.de Zust\u00e4ndige Kammer Landes\u00e4rztekammer NiedersachsenBerliner Allee 20, 30175 Hannover Berufsbezeichnung und berufsrechtliche Regelungen Berufsbezeichnung: \u00c4rztinZust\u00e4ndige Kammer: Landes\u00e4rztekammer NiedersachsenVerliehen durch: Bundesrepublik DeutschlandEs gelten folgende berufsrechtliche Regelungen: Berufsordnung der \u00c4rztekammer NiedersachsenRegelungen einsehbar unter: https:\/\/www.aekn.de\/fileadmin\/media\/Downloadcenter\/Amtliche_Bekanntmachungen\/4_Berufsordnung_der_AErztekammer_Niedersachsen\/BO_komplett_01_06_2018.pdf Angaben zur Berufshaftpflichtversicherung Name und &hellip;","og_url":"https:\/\/annedore-gauer.de\/index.php\/impressum\/","og_site_name":"Annedore Gauer","article_modified_time":"2024-10-11T15:14:29+00:00","twitter_card":"summary_large_image","twitter_misc":{"Gesch\u00e4tzte Lesezeit":"1\u00a0Minute"},"schema":{"@context":"https:\/\/schema.org","@graph":[{"@type":"WebPage","@id":"https:\/\/annedore-gauer.de\/index.php\/impressum\/","url":"https:\/\/annedore-gauer.de\/index.php\/impressum\/","name":"Impressum - Annedore Gauer","isPartOf":{"@id":"https:\/\/annedore-gauer.de\/#website"},"datePublished":"2023-02-19T19:48:23+00:00","dateModified":"2024-10-11T15:14:29+00:00","breadcrumb":{"@id":"https:\/\/annedore-gauer.de\/index.php\/impressum\/#breadcrumb"},"inLanguage":"de","potentialAction":[{"@type":"ReadAction","target":["https:\/\/annedore-gauer.de\/index.php\/impressum\/"]}]},{"@type":"BreadcrumbList","@id":"https:\/\/annedore-gauer.de\/index.php\/impressum\/#breadcrumb","itemListElement":[{"@type":"ListItem","position":1,"name":"Startseite","item":"https:\/\/annedore-gauer.de\/"},{"@type":"ListItem","position":2,"name":"Impressum"}]},{"@type":"WebSite","@id":"https:\/\/annedore-gauer.de\/#website","url":"https:\/\/annedore-gauer.de\/","name":"Annedore Gauer","description":"\u00c4rztin","publisher":{"@id":"https:\/\/annedore-gauer.de\/#organization"},"potentialAction":[{"@type":"SearchAction","target":{"@type":"EntryPoint","urlTemplate":"https:\/\/annedore-gauer.de\/?s={search_term_string}"},"query-input":{"@type":"PropertyValueSpecification","valueRequired":true,"valueName":"search_term_string"}}],"inLanguage":"de"},{"@type":"Organization","@id":"https:\/\/annedore-gauer.de\/#organization","name":"Annedore Gauer","alternateName":"Annedore Gauer TCM","url":"https:\/\/annedore-gauer.de\/","logo":{"@type":"ImageObject","inLanguage":"de","@id":"https:\/\/annedore-gauer.de\/#\/schema\/logo\/image\/","url":"https:\/\/annedore-gauer.de\/wp-content\/uploads\/2023\/02\/cropped-cropped-menu_logo.png","contentUrl":"https:\/\/annedore-gauer.de\/wp-content\/uploads\/2023\/02\/cropped-cropped-menu_logo.png","width":82,"height":200,"caption":"Annedore Gauer"},"image":{"@id":"https:\/\/annedore-gauer.de\/#\/schema\/logo\/image\/"}}]}},"_links":{"self":[{"href":"https:\/\/annedore-gauer.de\/index.php\/wp-json\/wp\/v2\/pages\/265","targetHints":{"allow":["GET"]}}],"collection":[{"href":"https:\/\/annedore-gauer.de\/index.php\/wp-json\/wp\/v2\/pages"}],"about":[{"href":"https:\/\/annedore-gauer.de\/index.php\/wp-json\/wp\/v2\/types\/page"}],"author":[{"embeddable":true,"href":"https:\/\/annedore-gauer.de\/index.php\/wp-json\/wp\/v2\/users\/1"}],"replies":[{"embeddable":true,"href":"https:\/\/annedore-gauer.de\/index.php\/wp-json\/wp\/v2\/comments?post=265"}],"version-history":[{"count":2,"href":"https:\/\/annedore-gauer.de\/index.php\/wp-json\/wp\/v2\/pages\/265\/revisions"}],"predecessor-version":[{"id":566,"href":"https:\/\/annedore-gauer.de\/index.php\/wp-json\/wp\/v2\/pages\/265\/revisions\/566"}],"wp:attachment":[{"href":"https:\/\/annedore-gauer.de\/index.php\/wp-json\/wp\/v2\/media?parent=265"}],"curies":[{"name":"wp","href":"https:\/\/api.w.org\/{rel}","templated":true}]}}