{"id":483,"date":"2025-01-10T10:11:42","date_gmt":"2025-01-10T09:11:42","guid":{"rendered":"http:\/\/neu.annedore-gauer.de\/?page_id=483"},"modified":"2025-03-02T13:11:21","modified_gmt":"2025-03-02T12:11:21","slug":"seminarplan","status":"publish","type":"page","link":"https:\/\/annedore-gauer.de\/index.php\/seminare\/seminarplan\/","title":{"rendered":"Seminarplan"},"content":{"rendered":"\n<h3 class=\"wp-block-heading\">Einf\u00fchrung in die Grundlagen \u00f6stlicher Heilkunde \u2013<br>einen neuen Blick wagen!<\/h3>\n\n\n\n<p>Diese Seminarreihe vermittelt die wesentlichen Grundlagen der chinesischen Heilkunst,<br>von der Theorie von Yin und Yang bis hin zu Akupunktur \/Akupressur, einfachen Kr\u00e4uterrezepturen, Di\u00e4tetik und Qi Gong.<br>Wir machen einen Ausflug in die Lehre des Feng Shui und befassen uns mit dem Buch der Wandlung, dem I Ging.<br>Ziel dieser Kurse ist es, die Lehre der \u201eGanzheitlichkeit\u201c in den jeweiligen Alltag einzubringen.<br>Termine:<\/p>\n\n\n\n<p>Einf\u00fchrungskurs: 18. und 19. Oktober 2025<br>Fr\u00fchling: 7. und 8. Februar 2026<br>Sommer: 9. und 10. Mai 2026<br>Sp\u00e4tsommer: 22. und 23. August 2026<br>Herbst: 17. und 18. Oktober 2026<br>Winter: 12. und 13. Dezember 2026<br>Kosten: \u20ac 284,- pro Kurs<\/p>\n\n\n\n<p>Die Teilnehmerzahl ist auf 6 Teilnehmer begrenzt!<\/p>\n\n\n\n<p><br>Samstag von 10.30h bis ca. 19.30h <br>und Sonntag 10.30h bis ca. 18.00h<\/p>\n\n\n\n<p>das Unterrichtsmaterial wird gestellt.<br>Die sechs Kurseinheiten sind nur zusammen zu belegen, da sie aufeinander aufbauen.<\/p>\n\n\n\n<p><\/p>\n\n\n\n<p>Praxiskurse mit Schwerpunkten f\u00fcr die jeweiligen Berufe und Vertiefung anhand konkreter Fallbeispielen sind auf Wunsch anzuschlie\u00dfen.<br>N\u00e4here Informationen, wie immer in der Praxis, am Telefon oder per Mail.<br>Ich freue mich sehr darauf, mit Eurer Hilfe diesen ganzheitlichen Blick in die Welt zu bringen.<\/p>\n\n\n\n<h3 class=\"wp-block-heading\"><\/h3>\n\n\n\n<p><\/p>\n\n\n\n<p><\/p>\n\n\n\n<p>Die regelm\u00e4\u00dfig stattfindenden Qi Gong \u2013 Kurse sind immer am letzten Samstag des Monats.<\/p>\n\n\n\n<p>Beginn 10.30h in L\u00fcdersen auf dem Therapiehof.<\/p>\n\n\n\n<h2 class=\"wp-block-heading\">Tiergest\u00fctzte Pers\u00f6nlichkeitsentwicklung<\/h2>\n\n\n\n<p>Ressourcen- orientiertes Coaching mithilfe von erfahrenen vierbeinigen Co- Therapeuten mit verbl\u00fcffenden Ergebnissen<\/p>\n\n\n\n<p>Termin 2025:<\/p>\n\n\n\n<p>21. Juni 2025 (bereits ausgebucht)<\/p>\n\n\n\n<p>23. August 2025  (noch 2 Pl\u00e4tze frei)<\/p>\n\n\n\n<p>jeweils von 10.30h bis ca. 18.00h in Gruppen<br>von je drei Teilnehmer\/innen<br>f\u00fcr 284,-\u20ac p. P.<br>(Gutscheine in der Praxis erh\u00e4ltlich)<\/p>\n\n\n\n<p>oder Einzelstunden nach Vereinbarung (immer freitags) f\u00fcr 92,-\u20ac .<br>(Gutscheine in der Praxis erh\u00e4ltlich)<\/p>\n\n\n\n<h3 class=\"wp-block-heading\">Wechseljahres- Kurs<\/h3>\n\n\n\n<p>Informationen \u00fcber medizinische Zusammenh\u00e4nge ( Ost und West),<br>therapeutische Hilfsmittel, F\u00fcr und Wider der Hormonersatztherapie,<br>Bedeutung und Sinn dieser Phase in unserer Pers\u00f6nlichkeitsentwicklung.<\/p>\n\n\n\n<p>Samstag, 10. Mai 2025 (s. Startseite ), 10.30h<\/p>\n\n\n\n<p>Alle Veranstaltungen finden auf dem Hof in L\u00fcdersen,<br>Hiddestorfer Str 5 statt.<\/p>\n\n\n\n<h3 class=\"wp-block-heading\">Augen Qi- Gong<\/h3>\n\n\n\n<p>Heilende \u00dcbungen zur Erhaltung und<br>Verbesserung der Sehkraft.<br>Bei Allergien oder empfindlichen Augen,<br>nach Operationen oder einfach nur<br>zur Entspannung nach langer Arbeit am PC.<\/p>\n\n\n\n<p>Samstag den 13. September 2025<br>um 10.30h in L\u00fcdersen<br>Ende ca. um 13.30h<br>Kursgeb\u00fchr 80,-<br>(sehr begrenzte Teilnehmerzahl)<\/p>\n","protected":false},"excerpt":{"rendered":"<p>Einf\u00fchrung in die Grundlagen \u00f6stlicher Heilkunde \u2013einen neuen Blick wagen! Diese Seminarreihe vermittelt die wesentlichen Grundlagen der chinesischen Heilkunst,von der Theorie von Yin und Yang bis hin zu Akupunktur \/Akupressur, einfachen Kr\u00e4uterrezepturen, Di\u00e4tetik und Qi Gong.Wir machen einen Ausflug in die Lehre des Feng Shui und befassen uns mit dem Buch der Wandlung, dem I &hellip; <\/p>\n","protected":false},"author":1,"featured_media":0,"parent":223,"menu_order":0,"comment_status":"closed","ping_status":"closed","template":"","meta":{"footnotes":""},"class_list":["post-483","page","type-page","status-publish","hentry","grid-sizer"],"yoast_head":"<!-- This site is optimized with the Yoast SEO plugin v27.5 - https:\/\/yoast.com\/product\/yoast-seo-wordpress\/ -->\n<title>Seminarplan - Annedore Gauer<\/title>\n<meta name=\"robots\" content=\"index, follow, max-snippet:-1, max-image-preview:large, max-video-preview:-1\" \/>\n<link rel=\"canonical\" href=\"https:\/\/annedore-gauer.de\/index.php\/seminare\/seminarplan\/\" \/>\n<meta property=\"og:locale\" content=\"de_DE\" \/>\n<meta property=\"og:type\" content=\"article\" \/>\n<meta property=\"og:title\" content=\"Seminarplan - Annedore Gauer\" \/>\n<meta property=\"og:description\" content=\"Einf\u00fchrung in die Grundlagen \u00f6stlicher Heilkunde \u2013einen neuen Blick wagen! Diese Seminarreihe vermittelt die wesentlichen Grundlagen der chinesischen Heilkunst,von der Theorie von Yin und Yang bis hin zu Akupunktur \/Akupressur, einfachen Kr\u00e4uterrezepturen, Di\u00e4tetik und Qi Gong.Wir machen einen Ausflug in die Lehre des Feng Shui und befassen uns mit dem Buch der Wandlung, dem I &hellip;\" \/>\n<meta property=\"og:url\" content=\"https:\/\/annedore-gauer.de\/index.php\/seminare\/seminarplan\/\" \/>\n<meta property=\"og:site_name\" content=\"Annedore Gauer\" \/>\n<meta property=\"article:modified_time\" content=\"2025-03-02T12:11:21+00:00\" \/>\n<meta name=\"twitter:card\" content=\"summary_large_image\" \/>\n<meta name=\"twitter:label1\" content=\"Gesch\u00e4tzte Lesezeit\" \/>\n\t<meta name=\"twitter:data1\" content=\"3\u00a0Minuten\" \/>\n<script type=\"application\/ld+json\" class=\"yoast-schema-graph\">{\"@context\":\"https:\\\/\\\/schema.org\",\"@graph\":[{\"@type\":\"WebPage\",\"@id\":\"https:\\\/\\\/annedore-gauer.de\\\/index.php\\\/seminare\\\/seminarplan\\\/\",\"url\":\"https:\\\/\\\/annedore-gauer.de\\\/index.php\\\/seminare\\\/seminarplan\\\/\",\"name\":\"Seminarplan - Annedore Gauer\",\"isPartOf\":{\"@id\":\"https:\\\/\\\/annedore-gauer.de\\\/#website\"},\"datePublished\":\"2025-01-10T09:11:42+00:00\",\"dateModified\":\"2025-03-02T12:11:21+00:00\",\"breadcrumb\":{\"@id\":\"https:\\\/\\\/annedore-gauer.de\\\/index.php\\\/seminare\\\/seminarplan\\\/#breadcrumb\"},\"inLanguage\":\"de\",\"potentialAction\":[{\"@type\":\"ReadAction\",\"target\":[\"https:\\\/\\\/annedore-gauer.de\\\/index.php\\\/seminare\\\/seminarplan\\\/\"]}]},{\"@type\":\"BreadcrumbList\",\"@id\":\"https:\\\/\\\/annedore-gauer.de\\\/index.php\\\/seminare\\\/seminarplan\\\/#breadcrumb\",\"itemListElement\":[{\"@type\":\"ListItem\",\"position\":1,\"name\":\"Startseite\",\"item\":\"https:\\\/\\\/annedore-gauer.de\\\/\"},{\"@type\":\"ListItem\",\"position\":2,\"name\":\"Seminare\",\"item\":\"https:\\\/\\\/annedore-gauer.de\\\/index.php\\\/seminare\\\/\"},{\"@type\":\"ListItem\",\"position\":3,\"name\":\"Seminarplan\"}]},{\"@type\":\"WebSite\",\"@id\":\"https:\\\/\\\/annedore-gauer.de\\\/#website\",\"url\":\"https:\\\/\\\/annedore-gauer.de\\\/\",\"name\":\"Annedore Gauer\",\"description\":\"\u00c4rztin\",\"publisher\":{\"@id\":\"https:\\\/\\\/annedore-gauer.de\\\/#organization\"},\"potentialAction\":[{\"@type\":\"SearchAction\",\"target\":{\"@type\":\"EntryPoint\",\"urlTemplate\":\"https:\\\/\\\/annedore-gauer.de\\\/?s={search_term_string}\"},\"query-input\":{\"@type\":\"PropertyValueSpecification\",\"valueRequired\":true,\"valueName\":\"search_term_string\"}}],\"inLanguage\":\"de\"},{\"@type\":\"Organization\",\"@id\":\"https:\\\/\\\/annedore-gauer.de\\\/#organization\",\"name\":\"Annedore Gauer\",\"alternateName\":\"Annedore Gauer TCM\",\"url\":\"https:\\\/\\\/annedore-gauer.de\\\/\",\"logo\":{\"@type\":\"ImageObject\",\"inLanguage\":\"de\",\"@id\":\"https:\\\/\\\/annedore-gauer.de\\\/#\\\/schema\\\/logo\\\/image\\\/\",\"url\":\"https:\\\/\\\/annedore-gauer.de\\\/wp-content\\\/uploads\\\/2023\\\/02\\\/cropped-cropped-menu_logo.png\",\"contentUrl\":\"https:\\\/\\\/annedore-gauer.de\\\/wp-content\\\/uploads\\\/2023\\\/02\\\/cropped-cropped-menu_logo.png\",\"width\":82,\"height\":200,\"caption\":\"Annedore Gauer\"},\"image\":{\"@id\":\"https:\\\/\\\/annedore-gauer.de\\\/#\\\/schema\\\/logo\\\/image\\\/\"}}]}<\/script>\n<!-- \/ Yoast SEO plugin. -->","yoast_head_json":{"title":"Seminarplan - Annedore Gauer","robots":{"index":"index","follow":"follow","max-snippet":"max-snippet:-1","max-image-preview":"max-image-preview:large","max-video-preview":"max-video-preview:-1"},"canonical":"https:\/\/annedore-gauer.de\/index.php\/seminare\/seminarplan\/","og_locale":"de_DE","og_type":"article","og_title":"Seminarplan - Annedore Gauer","og_description":"Einf\u00fchrung in die Grundlagen \u00f6stlicher Heilkunde \u2013einen neuen Blick wagen! Diese Seminarreihe vermittelt die wesentlichen Grundlagen der chinesischen Heilkunst,von der Theorie von Yin und Yang bis hin zu Akupunktur \/Akupressur, einfachen Kr\u00e4uterrezepturen, Di\u00e4tetik und Qi Gong.Wir machen einen Ausflug in die Lehre des Feng Shui und befassen uns mit dem Buch der Wandlung, dem I &hellip;","og_url":"https:\/\/annedore-gauer.de\/index.php\/seminare\/seminarplan\/","og_site_name":"Annedore Gauer","article_modified_time":"2025-03-02T12:11:21+00:00","twitter_card":"summary_large_image","twitter_misc":{"Gesch\u00e4tzte Lesezeit":"3\u00a0Minuten"},"schema":{"@context":"https:\/\/schema.org","@graph":[{"@type":"WebPage","@id":"https:\/\/annedore-gauer.de\/index.php\/seminare\/seminarplan\/","url":"https:\/\/annedore-gauer.de\/index.php\/seminare\/seminarplan\/","name":"Seminarplan - Annedore Gauer","isPartOf":{"@id":"https:\/\/annedore-gauer.de\/#website"},"datePublished":"2025-01-10T09:11:42+00:00","dateModified":"2025-03-02T12:11:21+00:00","breadcrumb":{"@id":"https:\/\/annedore-gauer.de\/index.php\/seminare\/seminarplan\/#breadcrumb"},"inLanguage":"de","potentialAction":[{"@type":"ReadAction","target":["https:\/\/annedore-gauer.de\/index.php\/seminare\/seminarplan\/"]}]},{"@type":"BreadcrumbList","@id":"https:\/\/annedore-gauer.de\/index.php\/seminare\/seminarplan\/#breadcrumb","itemListElement":[{"@type":"ListItem","position":1,"name":"Startseite","item":"https:\/\/annedore-gauer.de\/"},{"@type":"ListItem","position":2,"name":"Seminare","item":"https:\/\/annedore-gauer.de\/index.php\/seminare\/"},{"@type":"ListItem","position":3,"name":"Seminarplan"}]},{"@type":"WebSite","@id":"https:\/\/annedore-gauer.de\/#website","url":"https:\/\/annedore-gauer.de\/","name":"Annedore Gauer","description":"\u00c4rztin","publisher":{"@id":"https:\/\/annedore-gauer.de\/#organization"},"potentialAction":[{"@type":"SearchAction","target":{"@type":"EntryPoint","urlTemplate":"https:\/\/annedore-gauer.de\/?s={search_term_string}"},"query-input":{"@type":"PropertyValueSpecification","valueRequired":true,"valueName":"search_term_string"}}],"inLanguage":"de"},{"@type":"Organization","@id":"https:\/\/annedore-gauer.de\/#organization","name":"Annedore Gauer","alternateName":"Annedore Gauer TCM","url":"https:\/\/annedore-gauer.de\/","logo":{"@type":"ImageObject","inLanguage":"de","@id":"https:\/\/annedore-gauer.de\/#\/schema\/logo\/image\/","url":"https:\/\/annedore-gauer.de\/wp-content\/uploads\/2023\/02\/cropped-cropped-menu_logo.png","contentUrl":"https:\/\/annedore-gauer.de\/wp-content\/uploads\/2023\/02\/cropped-cropped-menu_logo.png","width":82,"height":200,"caption":"Annedore Gauer"},"image":{"@id":"https:\/\/annedore-gauer.de\/#\/schema\/logo\/image\/"}}]}},"_links":{"self":[{"href":"https:\/\/annedore-gauer.de\/index.php\/wp-json\/wp\/v2\/pages\/483","targetHints":{"allow":["GET"]}}],"collection":[{"href":"https:\/\/annedore-gauer.de\/index.php\/wp-json\/wp\/v2\/pages"}],"about":[{"href":"https:\/\/annedore-gauer.de\/index.php\/wp-json\/wp\/v2\/types\/page"}],"author":[{"embeddable":true,"href":"https:\/\/annedore-gauer.de\/index.php\/wp-json\/wp\/v2\/users\/1"}],"replies":[{"embeddable":true,"href":"https:\/\/annedore-gauer.de\/index.php\/wp-json\/wp\/v2\/comments?post=483"}],"version-history":[{"count":27,"href":"https:\/\/annedore-gauer.de\/index.php\/wp-json\/wp\/v2\/pages\/483\/revisions"}],"predecessor-version":[{"id":629,"href":"https:\/\/annedore-gauer.de\/index.php\/wp-json\/wp\/v2\/pages\/483\/revisions\/629"}],"up":[{"embeddable":true,"href":"https:\/\/annedore-gauer.de\/index.php\/wp-json\/wp\/v2\/pages\/223"}],"wp:attachment":[{"href":"https:\/\/annedore-gauer.de\/index.php\/wp-json\/wp\/v2\/media?parent=483"}],"curies":[{"name":"wp","href":"https:\/\/api.w.org\/{rel}","templated":true}]}}