{"id":81,"date":"2023-02-18T14:03:50","date_gmt":"2023-02-18T13:03:50","guid":{"rendered":"https:\/\/tcm.maximilian-stieg.de\/?page_id=81"},"modified":"2023-05-18T15:42:50","modified_gmt":"2023-05-18T13:42:50","slug":"persoenliches","status":"publish","type":"page","link":"https:\/\/annedore-gauer.de\/index.php\/persoenliches\/","title":{"rendered":"Pers\u00f6nliches"},"content":{"rendered":"\n<p>Annedore Gauer, geboren 1960 in Hameln<br>Nach zuerst vierj\u00e4hriger T\u00e4tigkeit in einer Gro\u00dfbank machte ich das Abitur auf dem zweiten Bildungsweg und studierte anschlie\u00dfend Medizin an der Hochschule in Hannover.<br>Gegen Ende des Studiums konnte ich bereits Erfahrungen in Gestalt- und Kunsttherapie sammeln. W\u00e4hrend meiner anschlie\u00dfenden T\u00e4tigkeit in einer gro\u00dfen allgemeinmedizinischen Praxis begann ich mit dem Studium der chinesischen Medizin.<\/p>\n\n\n\n<p><br>Dies f\u00fchrte zur Leitung eines TCM Instituts in Sehnde bei Hannover.<br>In dieser Zeit legte ich auch meine Dozentenpr\u00fcfung vor der \u00c4rztekammer Westfahlen-Lippe<br>ab und unterrichtete mehrere Jahre Chinesische Medizin an verschiedenen Instituten und Universit\u00e4ten.<\/p>\n\n\n\n<p>1999 lie\u00df ich mich dann mit eigener Praxis in Hannover Linden nieder.<br>W\u00e4hrend der n\u00e4chsten 10 Jahre durfte ich Sch\u00fclerin des chinesischen Gro\u00dfmeisters Guo Bingsen sein und erwarb die Lehrerlaubnis f\u00fcr Qigong.<\/p>\n\n\n\n<p><\/p>\n\n\n\n<p>Meine Liebe zu Tieren erschloss mir einen weiteren Bereich der therapeutischen Arbeit.So absolvierte ich in den letzten Jahren Aus- und Weiterbildungen als Therapiehunde F\u00fchrerin, in pferdegest\u00fctztem Coaching und als Reittherapeutin. Meine therapeutische Arbeit wird nun von zwei gut ausgebildeten und gepr\u00fcften Pferden und einem Therapiehund unterst\u00fctzt.<\/p>\n\n\n\n<p><br>Diese vielf\u00e4ltigen und spannenden Methoden erg\u00e4nzen sich wunderbar und laufen seit einigen Jahren auf meinem Hof in L\u00fcdersen am Deister zusammen.<\/p>\n","protected":false},"excerpt":{"rendered":"<p>Annedore Gauer, geboren 1960 in HamelnNach zuerst vierj\u00e4hriger T\u00e4tigkeit in einer Gro\u00dfbank machte ich das Abitur auf dem zweiten Bildungsweg und studierte anschlie\u00dfend Medizin an der Hochschule in Hannover.Gegen Ende des Studiums konnte ich bereits Erfahrungen in Gestalt- und Kunsttherapie sammeln. W\u00e4hrend meiner anschlie\u00dfenden T\u00e4tigkeit in einer gro\u00dfen allgemeinmedizinischen Praxis begann ich mit dem Studium &hellip; <\/p>\n","protected":false},"author":1,"featured_media":37,"parent":0,"menu_order":4,"comment_status":"closed","ping_status":"closed","template":"","meta":{"footnotes":""},"class_list":["post-81","page","type-page","status-publish","has-post-thumbnail","hentry","grid-sizer"],"yoast_head":"<!-- This site is optimized with the Yoast SEO plugin v27.4 - https:\/\/yoast.com\/product\/yoast-seo-wordpress\/ -->\n<title>Pers\u00f6nliches - Annedore Gauer<\/title>\n<meta name=\"robots\" content=\"index, follow, max-snippet:-1, max-image-preview:large, max-video-preview:-1\" \/>\n<link rel=\"canonical\" href=\"https:\/\/annedore-gauer.de\/index.php\/persoenliches\/\" \/>\n<meta property=\"og:locale\" content=\"de_DE\" \/>\n<meta property=\"og:type\" content=\"article\" \/>\n<meta property=\"og:title\" content=\"Pers\u00f6nliches - Annedore Gauer\" \/>\n<meta property=\"og:description\" content=\"Annedore Gauer, geboren 1960 in HamelnNach zuerst vierj\u00e4hriger T\u00e4tigkeit in einer Gro\u00dfbank machte ich das Abitur auf dem zweiten Bildungsweg und studierte anschlie\u00dfend Medizin an der Hochschule in Hannover.Gegen Ende des Studiums konnte ich bereits Erfahrungen in Gestalt- und Kunsttherapie sammeln. W\u00e4hrend meiner anschlie\u00dfenden T\u00e4tigkeit in einer gro\u00dfen allgemeinmedizinischen Praxis begann ich mit dem Studium &hellip;\" \/>\n<meta property=\"og:url\" content=\"https:\/\/annedore-gauer.de\/index.php\/persoenliches\/\" \/>\n<meta property=\"og:site_name\" content=\"Annedore Gauer\" \/>\n<meta property=\"article:modified_time\" content=\"2023-05-18T13:42:50+00:00\" \/>\n<meta property=\"og:image\" content=\"https:\/\/annedore-gauer.de\/wp-content\/uploads\/2023\/02\/TCM-Annedore-Gauer-e1553598754881.jpg\" \/>\n\t<meta property=\"og:image:width\" content=\"1280\" \/>\n\t<meta property=\"og:image:height\" content=\"723\" \/>\n\t<meta property=\"og:image:type\" content=\"image\/jpeg\" \/>\n<meta name=\"twitter:card\" content=\"summary_large_image\" \/>\n<meta name=\"twitter:label1\" content=\"Gesch\u00e4tzte Lesezeit\" \/>\n\t<meta name=\"twitter:data1\" content=\"1\u00a0Minute\" \/>\n<script type=\"application\/ld+json\" class=\"yoast-schema-graph\">{\"@context\":\"https:\\\/\\\/schema.org\",\"@graph\":[{\"@type\":\"WebPage\",\"@id\":\"https:\\\/\\\/annedore-gauer.de\\\/index.php\\\/persoenliches\\\/\",\"url\":\"https:\\\/\\\/annedore-gauer.de\\\/index.php\\\/persoenliches\\\/\",\"name\":\"Pers\u00f6nliches - Annedore Gauer\",\"isPartOf\":{\"@id\":\"https:\\\/\\\/annedore-gauer.de\\\/#website\"},\"primaryImageOfPage\":{\"@id\":\"https:\\\/\\\/annedore-gauer.de\\\/index.php\\\/persoenliches\\\/#primaryimage\"},\"image\":{\"@id\":\"https:\\\/\\\/annedore-gauer.de\\\/index.php\\\/persoenliches\\\/#primaryimage\"},\"thumbnailUrl\":\"https:\\\/\\\/annedore-gauer.de\\\/wp-content\\\/uploads\\\/2023\\\/02\\\/TCM-Annedore-Gauer-e1553598754881.jpg\",\"datePublished\":\"2023-02-18T13:03:50+00:00\",\"dateModified\":\"2023-05-18T13:42:50+00:00\",\"breadcrumb\":{\"@id\":\"https:\\\/\\\/annedore-gauer.de\\\/index.php\\\/persoenliches\\\/#breadcrumb\"},\"inLanguage\":\"de\",\"potentialAction\":[{\"@type\":\"ReadAction\",\"target\":[\"https:\\\/\\\/annedore-gauer.de\\\/index.php\\\/persoenliches\\\/\"]}]},{\"@type\":\"ImageObject\",\"inLanguage\":\"de\",\"@id\":\"https:\\\/\\\/annedore-gauer.de\\\/index.php\\\/persoenliches\\\/#primaryimage\",\"url\":\"https:\\\/\\\/annedore-gauer.de\\\/wp-content\\\/uploads\\\/2023\\\/02\\\/TCM-Annedore-Gauer-e1553598754881.jpg\",\"contentUrl\":\"https:\\\/\\\/annedore-gauer.de\\\/wp-content\\\/uploads\\\/2023\\\/02\\\/TCM-Annedore-Gauer-e1553598754881.jpg\",\"width\":1280,\"height\":723},{\"@type\":\"BreadcrumbList\",\"@id\":\"https:\\\/\\\/annedore-gauer.de\\\/index.php\\\/persoenliches\\\/#breadcrumb\",\"itemListElement\":[{\"@type\":\"ListItem\",\"position\":1,\"name\":\"Startseite\",\"item\":\"https:\\\/\\\/annedore-gauer.de\\\/\"},{\"@type\":\"ListItem\",\"position\":2,\"name\":\"Pers\u00f6nliches\"}]},{\"@type\":\"WebSite\",\"@id\":\"https:\\\/\\\/annedore-gauer.de\\\/#website\",\"url\":\"https:\\\/\\\/annedore-gauer.de\\\/\",\"name\":\"Annedore Gauer\",\"description\":\"\u00c4rztin\",\"publisher\":{\"@id\":\"https:\\\/\\\/annedore-gauer.de\\\/#organization\"},\"potentialAction\":[{\"@type\":\"SearchAction\",\"target\":{\"@type\":\"EntryPoint\",\"urlTemplate\":\"https:\\\/\\\/annedore-gauer.de\\\/?s={search_term_string}\"},\"query-input\":{\"@type\":\"PropertyValueSpecification\",\"valueRequired\":true,\"valueName\":\"search_term_string\"}}],\"inLanguage\":\"de\"},{\"@type\":\"Organization\",\"@id\":\"https:\\\/\\\/annedore-gauer.de\\\/#organization\",\"name\":\"Annedore Gauer\",\"alternateName\":\"Annedore Gauer TCM\",\"url\":\"https:\\\/\\\/annedore-gauer.de\\\/\",\"logo\":{\"@type\":\"ImageObject\",\"inLanguage\":\"de\",\"@id\":\"https:\\\/\\\/annedore-gauer.de\\\/#\\\/schema\\\/logo\\\/image\\\/\",\"url\":\"https:\\\/\\\/annedore-gauer.de\\\/wp-content\\\/uploads\\\/2023\\\/02\\\/cropped-cropped-menu_logo.png\",\"contentUrl\":\"https:\\\/\\\/annedore-gauer.de\\\/wp-content\\\/uploads\\\/2023\\\/02\\\/cropped-cropped-menu_logo.png\",\"width\":82,\"height\":200,\"caption\":\"Annedore Gauer\"},\"image\":{\"@id\":\"https:\\\/\\\/annedore-gauer.de\\\/#\\\/schema\\\/logo\\\/image\\\/\"}}]}<\/script>\n<!-- \/ Yoast SEO plugin. -->","yoast_head_json":{"title":"Pers\u00f6nliches - Annedore Gauer","robots":{"index":"index","follow":"follow","max-snippet":"max-snippet:-1","max-image-preview":"max-image-preview:large","max-video-preview":"max-video-preview:-1"},"canonical":"https:\/\/annedore-gauer.de\/index.php\/persoenliches\/","og_locale":"de_DE","og_type":"article","og_title":"Pers\u00f6nliches - Annedore Gauer","og_description":"Annedore Gauer, geboren 1960 in HamelnNach zuerst vierj\u00e4hriger T\u00e4tigkeit in einer Gro\u00dfbank machte ich das Abitur auf dem zweiten Bildungsweg und studierte anschlie\u00dfend Medizin an der Hochschule in Hannover.Gegen Ende des Studiums konnte ich bereits Erfahrungen in Gestalt- und Kunsttherapie sammeln. W\u00e4hrend meiner anschlie\u00dfenden T\u00e4tigkeit in einer gro\u00dfen allgemeinmedizinischen Praxis begann ich mit dem Studium &hellip;","og_url":"https:\/\/annedore-gauer.de\/index.php\/persoenliches\/","og_site_name":"Annedore Gauer","article_modified_time":"2023-05-18T13:42:50+00:00","og_image":[{"width":1280,"height":723,"url":"https:\/\/annedore-gauer.de\/wp-content\/uploads\/2023\/02\/TCM-Annedore-Gauer-e1553598754881.jpg","type":"image\/jpeg"}],"twitter_card":"summary_large_image","twitter_misc":{"Gesch\u00e4tzte Lesezeit":"1\u00a0Minute"},"schema":{"@context":"https:\/\/schema.org","@graph":[{"@type":"WebPage","@id":"https:\/\/annedore-gauer.de\/index.php\/persoenliches\/","url":"https:\/\/annedore-gauer.de\/index.php\/persoenliches\/","name":"Pers\u00f6nliches - Annedore Gauer","isPartOf":{"@id":"https:\/\/annedore-gauer.de\/#website"},"primaryImageOfPage":{"@id":"https:\/\/annedore-gauer.de\/index.php\/persoenliches\/#primaryimage"},"image":{"@id":"https:\/\/annedore-gauer.de\/index.php\/persoenliches\/#primaryimage"},"thumbnailUrl":"https:\/\/annedore-gauer.de\/wp-content\/uploads\/2023\/02\/TCM-Annedore-Gauer-e1553598754881.jpg","datePublished":"2023-02-18T13:03:50+00:00","dateModified":"2023-05-18T13:42:50+00:00","breadcrumb":{"@id":"https:\/\/annedore-gauer.de\/index.php\/persoenliches\/#breadcrumb"},"inLanguage":"de","potentialAction":[{"@type":"ReadAction","target":["https:\/\/annedore-gauer.de\/index.php\/persoenliches\/"]}]},{"@type":"ImageObject","inLanguage":"de","@id":"https:\/\/annedore-gauer.de\/index.php\/persoenliches\/#primaryimage","url":"https:\/\/annedore-gauer.de\/wp-content\/uploads\/2023\/02\/TCM-Annedore-Gauer-e1553598754881.jpg","contentUrl":"https:\/\/annedore-gauer.de\/wp-content\/uploads\/2023\/02\/TCM-Annedore-Gauer-e1553598754881.jpg","width":1280,"height":723},{"@type":"BreadcrumbList","@id":"https:\/\/annedore-gauer.de\/index.php\/persoenliches\/#breadcrumb","itemListElement":[{"@type":"ListItem","position":1,"name":"Startseite","item":"https:\/\/annedore-gauer.de\/"},{"@type":"ListItem","position":2,"name":"Pers\u00f6nliches"}]},{"@type":"WebSite","@id":"https:\/\/annedore-gauer.de\/#website","url":"https:\/\/annedore-gauer.de\/","name":"Annedore Gauer","description":"\u00c4rztin","publisher":{"@id":"https:\/\/annedore-gauer.de\/#organization"},"potentialAction":[{"@type":"SearchAction","target":{"@type":"EntryPoint","urlTemplate":"https:\/\/annedore-gauer.de\/?s={search_term_string}"},"query-input":{"@type":"PropertyValueSpecification","valueRequired":true,"valueName":"search_term_string"}}],"inLanguage":"de"},{"@type":"Organization","@id":"https:\/\/annedore-gauer.de\/#organization","name":"Annedore Gauer","alternateName":"Annedore Gauer TCM","url":"https:\/\/annedore-gauer.de\/","logo":{"@type":"ImageObject","inLanguage":"de","@id":"https:\/\/annedore-gauer.de\/#\/schema\/logo\/image\/","url":"https:\/\/annedore-gauer.de\/wp-content\/uploads\/2023\/02\/cropped-cropped-menu_logo.png","contentUrl":"https:\/\/annedore-gauer.de\/wp-content\/uploads\/2023\/02\/cropped-cropped-menu_logo.png","width":82,"height":200,"caption":"Annedore Gauer"},"image":{"@id":"https:\/\/annedore-gauer.de\/#\/schema\/logo\/image\/"}}]}},"_links":{"self":[{"href":"https:\/\/annedore-gauer.de\/index.php\/wp-json\/wp\/v2\/pages\/81","targetHints":{"allow":["GET"]}}],"collection":[{"href":"https:\/\/annedore-gauer.de\/index.php\/wp-json\/wp\/v2\/pages"}],"about":[{"href":"https:\/\/annedore-gauer.de\/index.php\/wp-json\/wp\/v2\/types\/page"}],"author":[{"embeddable":true,"href":"https:\/\/annedore-gauer.de\/index.php\/wp-json\/wp\/v2\/users\/1"}],"replies":[{"embeddable":true,"href":"https:\/\/annedore-gauer.de\/index.php\/wp-json\/wp\/v2\/comments?post=81"}],"version-history":[{"count":7,"href":"https:\/\/annedore-gauer.de\/index.php\/wp-json\/wp\/v2\/pages\/81\/revisions"}],"predecessor-version":[{"id":264,"href":"https:\/\/annedore-gauer.de\/index.php\/wp-json\/wp\/v2\/pages\/81\/revisions\/264"}],"wp:featuredmedia":[{"embeddable":true,"href":"https:\/\/annedore-gauer.de\/index.php\/wp-json\/wp\/v2\/media\/37"}],"wp:attachment":[{"href":"https:\/\/annedore-gauer.de\/index.php\/wp-json\/wp\/v2\/media?parent=81"}],"curies":[{"name":"wp","href":"https:\/\/api.w.org\/{rel}","templated":true}]}}